{"id":12141,"date":"2025-11-14T08:22:43","date_gmt":"2025-11-14T08:22:43","guid":{"rendered":"https:\/\/sabay.com.tr\/?page_id=12141"},"modified":"2025-12-19T11:21:00","modified_gmt":"2025-12-19T11:21:00","slug":"insan-kaynaklari-politikasi","status":"publish","type":"page","link":"https:\/\/sabay.com.tr\/en\/insan-kaynaklari-politikasi\/","title":{"rendered":"Human Resources Policy"},"content":{"rendered":"<div data-elementor-type=\"wp-page\" data-elementor-id=\"12141\" class=\"elementor elementor-12141\">\n\t\t\t\t<div class=\"no-position  elementor-element elementor-element-2d62ebc6 e-flex e-con-boxed e-con e-parent\" data-id=\"2d62ebc6\" data-element_type=\"container\" data-e-type=\"container\" data-settings=\"{&quot;background_background&quot;:&quot;classic&quot;}\">\n\t\t\t\t\t<div class=\"e-con-inner\">\n\t\t<div class=\"no-position  elementor-element elementor-element-3d521983 e-con-full e-flex e-con e-child\" data-id=\"3d521983\" data-element_type=\"container\" data-e-type=\"container\">\n\t\t\t\t<div class=\"elementor-element elementor-element-79127885 animated-slow gsap-move-no rs-tween_max_btn-no elementor-invisible elementor-widget elementor-widget-heading\" data-id=\"79127885\" data-element_type=\"widget\" data-e-type=\"widget\" data-settings=\"{&quot;_animation&quot;:&quot;slideInUp&quot;}\" data-widget_type=\"heading.default\">\n\t\t\t\t\t<h2 class=\"elementor-heading-title elementor-size-default\">Join us<\/h2>\t\t\t\t<\/div>\n\t\t\t\t<div class=\"elementor-element elementor-element-54900bb6 animated-slow gsap-move-no rs-tween_max_btn-no elementor-invisible elementor-widget elementor-widget-heading\" data-id=\"54900bb6\" data-element_type=\"widget\" data-e-type=\"widget\" data-settings=\"{&quot;_animation&quot;:&quot;slideInUp&quot;}\" data-widget_type=\"heading.default\">\n\t\t\t\t\t<h2 class=\"elementor-heading-title elementor-size-default\">Open Positions<\/h2>\t\t\t\t<\/div>\n\t\t\t\t<div class=\"elementor-element elementor-element-2046c410 elementor-align-left gsap-move-no rs-tween_max_btn-no elementor-widget elementor-widget-button\" data-id=\"2046c410\" data-element_type=\"widget\" data-e-type=\"widget\" data-widget_type=\"button.default\">\n\t\t\t\t\t\t\t\t\t\t<a class=\"elementor-button elementor-button-link elementor-size-lg elementor-animation-grow\" href=\"mailto:insankaynaklari@sabay.com.tr\">\n\t\t\t\t\t\t<span class=\"elementor-button-content-wrapper\">\n\t\t\t\t\t\t\t\t\t<span class=\"elementor-button-text\">Send CV&gt;<\/span>\n\t\t\t\t\t<\/span>\n\t\t\t\t\t<\/a>\n\t\t\t\t\t\t\t\t<\/div>\n\t\t\t\t<\/div>\n\t\t<div class=\"no-position  elementor-element elementor-element-188dca1 e-con-full e-flex e-con e-child\" data-id=\"188dca1\" data-element_type=\"container\" data-e-type=\"container\">\n\t\t\t\t<div class=\"elementor-element elementor-element-f248a1f animated-slow gsap-move-no rs-tween_max_btn-no elementor-invisible elementor-widget elementor-widget-heading\" data-id=\"f248a1f\" data-element_type=\"widget\" data-e-type=\"widget\" data-settings=\"{&quot;_animation&quot;:&quot;slideInUp&quot;}\" data-widget_type=\"heading.default\">\n\t\t\t\t\t<h2 class=\"elementor-heading-title elementor-size-default\"><a href=\"https:\/\/sabay.com.tr\/yeni\/wp-content\/uploads\/2025\/12\/UKT-SATIS-YONETMENI.docx\" target=\"_blank\">UKT Sales Manager<\/a><\/h2>\t\t\t\t<\/div>\n\t\t\t\t<div class=\"elementor-element elementor-element-6ed6835 animated-slow gsap-move-no rs-tween_max_btn-no elementor-invisible elementor-widget elementor-widget-heading\" data-id=\"6ed6835\" data-element_type=\"widget\" data-e-type=\"widget\" data-settings=\"{&quot;_animation&quot;:&quot;slideInUp&quot;}\" data-widget_type=\"heading.default\">\n\t\t\t\t\t<h2 class=\"elementor-heading-title elementor-size-default\"><a href=\"https:\/\/sabay.com.tr\/yeni\/wp-content\/uploads\/2025\/12\/UKT-SATIS-YONETMENI.docx\">Advertisement Details<\/a><\/h2>\t\t\t\t<\/div>\n\t\t\t\t<\/div>\n\t\t<div class=\"no-position  elementor-element elementor-element-a05f837 e-con-full e-flex e-con e-child\" data-id=\"a05f837\" data-element_type=\"container\" data-e-type=\"container\">\n\t\t\t\t<div class=\"elementor-element elementor-element-8e6cc10 animated-slow gsap-move-no rs-tween_max_btn-no elementor-invisible elementor-widget elementor-widget-heading\" data-id=\"8e6cc10\" data-element_type=\"widget\" data-e-type=\"widget\" data-settings=\"{&quot;_animation&quot;:&quot;slideInUp&quot;}\" data-widget_type=\"heading.default\">\n\t\t\t\t\t<h2 class=\"elementor-heading-title elementor-size-default\"><a href=\"https:\/\/sabay.com.tr\/yeni\/wp-content\/uploads\/2025\/12\/UKT-SATIS-DIREKTORU12.docx\" target=\"_blank\">UKT Sales Director<\/a><\/h2>\t\t\t\t<\/div>\n\t\t\t\t<div class=\"elementor-element elementor-element-6ec0a56 animated-slow gsap-move-no rs-tween_max_btn-no elementor-invisible elementor-widget elementor-widget-heading\" data-id=\"6ec0a56\" data-element_type=\"widget\" data-e-type=\"widget\" data-settings=\"{&quot;_animation&quot;:&quot;slideInUp&quot;}\" data-widget_type=\"heading.default\">\n\t\t\t\t\t<h2 class=\"elementor-heading-title elementor-size-default\"><a href=\"https:\/\/sabay.com.tr\/yeni\/wp-content\/uploads\/2025\/12\/UKT-SATIS-DIREKTORU12.docx\">Advertisement Details<\/a><\/h2>\t\t\t\t<\/div>\n\t\t\t\t<\/div>\n\t\t\t\t\t<\/div>\n\t\t\t\t<\/div>\n\t\t<div class=\"no-position  elementor-element elementor-element-d47559a e-flex e-con-boxed e-con e-parent\" data-id=\"d47559a\" data-element_type=\"container\" data-e-type=\"container\">\n\t\t\t\t\t<div class=\"e-con-inner\">\n\t\t\t\t<div class=\"elementor-element elementor-element-e519d8a gsap-move-no rs-tween_max_btn-no elementor-widget elementor-widget-text-editor\" data-id=\"e519d8a\" data-element_type=\"widget\" data-e-type=\"widget\" data-widget_type=\"text-editor.default\">\n\t\t\t\t\t\t\t\t\t<p><strong>OUR HUMAN RESOURCES PRINCIPLES<\/strong><\/p><p>* Prioritizing the motivation and loyalty of all employees.<br \/>* Improving employee performance through regular training.<br \/>* Planning and developing employees&#039; careers in line with the company&#039;s organizational structure.<br \/>* Fair compensation and rewards.<br \/>* Evaluation of all employees&#039; performance and sharing of this information with them.<br \/>* Recruiting personnel in line with our company&#039;s needs.<\/p><p>OUR EMPLOYEES<\/p><p>* Our company principles, values, and ethical codes of conduct form the foundation of our success.<br \/>* Our employees have the right to express their opinions and obtain information on all matters in accordance with our company principles.<br \/>We believe that teamwork is the foundation of our success.<br \/>We aim to maintain the highest level of quality in all of the services we provide.<br \/>* Our management principle is based on the principle of &#039;respect for employee labor&#039;.<\/p><p>OUR PRINCIPLES AND VALUES<\/p><p>We consider our employees our greatest investment.<br \/>* Customer satisfaction is our focus.<br \/>* Continuously improving ourselves in line with our goals is our fundamental principle.<br \/>* We are honest and committed to adhering to all ethical rules of business.<br \/>* Being among the best in our industry is our ultimate goal.<\/p><p>OUR ACTIVITY OBJECTIVES<\/p><p>* To maintain the highest level of service quality.<br \/>* To provide a peaceful and healthy working environment.<br \/>* To offer the most suitable solutions.<br \/>* Closely monitoring all developments in the sector and adapting as quickly as possible.<br \/>* Our teammates contributing to our goals through their creativity.<br \/>* To be competitive.<\/p><p>OUR MANAGEMENT PRINCIPLES<\/p><p>* Being open to research and development.<br \/>* Emphasizing teamwork based on the principle that success should be team-oriented, not individual-oriented.<br \/>* Giving employees initiative.<\/p>\t\t\t\t\t\t\t\t<\/div>\n\t\t\t\t\t<\/div>\n\t\t\t\t<\/div>\n\t\t<div class=\"no-position  elementor-element elementor-element-8a5b806 e-flex e-con-boxed e-con e-parent\" data-id=\"8a5b806\" data-element_type=\"container\" data-e-type=\"container\">\n\t\t\t\t\t<div class=\"e-con-inner\">\n\t\t\t\t\t<\/div>\n\t\t\t\t<\/div>\n\t\t\t\t<\/div>","protected":false},"excerpt":{"rendered":"<p>Bize Kat\u0131l\u0131n A\u00e7\u0131k Pozisyonlar CV G\u00f6nder&gt; UKT Sat\u0131\u015f Y\u00f6netmeni \u0130lan Detaylar\u0131 UKT Sat\u0131\u015f Direkt\u00f6r\u00fc \u0130lan Detaylar\u0131 \u0130NSAN KAYNAKLARI PRENS\u0130PLER\u0130M\u0130Z * T\u00fcm \u00e7al\u0131\u015fanlar\u0131n \u00e7al\u0131\u015fma motivasyonunu ve sadakatinin \u00f6n planda tutulmas\u0131.* D\u00fczenli e\u011fitimlerle \u00e7al\u0131\u015fanlar\u0131n performanslar\u0131n\u0131n geli\u015ftirilmesi.* \u00c7al\u0131\u015fanlar\u0131n kariyerlerinin \u015firket organizasyonu do\u011frultusunda planlanmas\u0131 ve geli\u015ftirilmesi.* Adil \u00fccretlendirme ve \u00f6d\u00fcllendirme.* T\u00fcm \u00e7al\u0131\u015fanlar\u0131n ba\u015far\u0131 performanslar\u0131n\u0131n de\u011ferlendirilmesi kendileri ile payla\u015f\u0131lmas\u0131.* \u015eirketimizin&#8230;<\/p>","protected":false},"author":1,"featured_media":0,"parent":0,"menu_order":0,"comment_status":"closed","ping_status":"closed","template":"elementor_header_footer","meta":{"footnotes":""},"class_list":["post-12141","page","type-page","status-publish","hentry"],"_links":{"self":[{"href":"https:\/\/sabay.com.tr\/en\/wp-json\/wp\/v2\/pages\/12141","targetHints":{"allow":["GET"]}}],"collection":[{"href":"https:\/\/sabay.com.tr\/en\/wp-json\/wp\/v2\/pages"}],"about":[{"href":"https:\/\/sabay.com.tr\/en\/wp-json\/wp\/v2\/types\/page"}],"author":[{"embeddable":true,"href":"https:\/\/sabay.com.tr\/en\/wp-json\/wp\/v2\/users\/1"}],"replies":[{"embeddable":true,"href":"https:\/\/sabay.com.tr\/en\/wp-json\/wp\/v2\/comments?post=12141"}],"version-history":[{"count":18,"href":"https:\/\/sabay.com.tr\/en\/wp-json\/wp\/v2\/pages\/12141\/revisions"}],"predecessor-version":[{"id":12396,"href":"https:\/\/sabay.com.tr\/en\/wp-json\/wp\/v2\/pages\/12141\/revisions\/12396"}],"wp:attachment":[{"href":"https:\/\/sabay.com.tr\/en\/wp-json\/wp\/v2\/media?parent=12141"}],"curies":[{"name":"wp","href":"https:\/\/api.w.org\/{rel}","templated":true}]}}