{"id":12144,"date":"2025-11-14T08:23:43","date_gmt":"2025-11-14T08:23:43","guid":{"rendered":"https:\/\/sabay.com.tr\/?page_id=12144"},"modified":"2025-11-14T08:23:43","modified_gmt":"2025-11-14T08:23:43","slug":"bilgi-guvenligi-polikasi","status":"publish","type":"page","link":"https:\/\/sabay.com.tr\/en\/bilgi-guvenligi-polikasi\/","title":{"rendered":"Information Security Policy"},"content":{"rendered":"<p>Sabay Logistics, operating in the field of international land, air, sea, cargo\/courier transportation and logistics services, has adopted the mission of maximizing customer satisfaction by providing timely and fastest service based on the principle of continuity of service as part of its institutionalization efforts. Our organization gives due importance to information security in all its activities and takes all necessary measures to ensure information security.<\/p>\n<p><strong>In line with this, to ensure the continuous improvement of our Information Security Management System within our organization:<\/strong><\/p>\n<ul>\n<li>To define information assets and how these assets,<\/li>\n<li><strong>Its impact on work:<\/strong>\u00a0by considering issues such as the cost of replacing the asset, confidentiality of information, impact on image, and the damage it would create in terms of legal and statutory obligations,<\/li>\n<li><strong>The probability of a threat:<\/strong>\u00a0By addressing the multitude of vulnerabilities and the extent to which existing controls can close these vulnerabilities, the attacker&#039;s motivation, the attractiveness of information to competitors, gaps in access controls, and risks to information integrity,<\/li>\n<\/ul>\n<ul>\n<li><strong>To identify and assess risks to the confidentiality, integrity, and availability of information.,<\/strong><\/li>\n<li><strong>To implement necessary controls for all assets that are above an acceptable risk level,<\/strong><\/li>\n<li><strong>To reduce the likelihood of an information security breach, and to be able to respond in a coordinated manner if one occurs,<\/strong><\/li>\n<li><strong>To prevent any disruptions that could interrupt business continuity, and if that is not possible, to be able to resume operations within the targeted recovery period.,<\/strong><\/li>\n<li><strong>Measuring the performance of Information Security Management processes,<\/strong><\/li>\n<li><strong>To generate goals from this data and to continuously improve,<\/strong><\/li>\n<li><strong>We aim to minimize our weaknesses and threats through investments in infrastructure, working environment, hardware, software, and training.,<\/strong><\/li>\n<li><strong>Our business ensures that it meets the safety requirements mandated by legal and applicable regulations.,<\/strong><\/li>\n<\/ul>\n<p><strong>We commit to it.<\/strong><\/p>","protected":false},"excerpt":{"rendered":"<p>Uluslararas\u0131 kara, hava, deniz yolu, kargo\/kurye ta\u015f\u0131mac\u0131l\u0131\u011f\u0131 ve lojistik hizmetleri alan\u0131nda faaliyet g\u00f6steren Sabay Lojistik, kurumsalla\u015fma \u00e7al\u0131\u015fmalar\u0131 kapsam\u0131nda hizmette s\u00fcreklilik ilkesi ile zaman\u0131nda ve en h\u0131zl\u0131 servisi vererek m\u00fc\u015fteri memnuniyetini maksimum seviyede tutmay\u0131 kendisine misyon edinmi\u015ftir. Kurulu\u015fumuz yapm\u0131\u015f oldu\u011fu t\u00fcm bu faaliyetlerde bilgi g\u00fcvenli\u011fine gereken \u00f6nemi vermekte ve bilgi g\u00fcvenli\u011fini sa\u011flamak i\u00e7in gerekli t\u00fcm tedbirleri&#8230;<\/p>","protected":false},"author":1,"featured_media":0,"parent":0,"menu_order":0,"comment_status":"closed","ping_status":"closed","template":"","meta":{"footnotes":""},"class_list":["post-12144","page","type-page","status-publish","hentry"],"_links":{"self":[{"href":"https:\/\/sabay.com.tr\/en\/wp-json\/wp\/v2\/pages\/12144","targetHints":{"allow":["GET"]}}],"collection":[{"href":"https:\/\/sabay.com.tr\/en\/wp-json\/wp\/v2\/pages"}],"about":[{"href":"https:\/\/sabay.com.tr\/en\/wp-json\/wp\/v2\/types\/page"}],"author":[{"embeddable":true,"href":"https:\/\/sabay.com.tr\/en\/wp-json\/wp\/v2\/users\/1"}],"replies":[{"embeddable":true,"href":"https:\/\/sabay.com.tr\/en\/wp-json\/wp\/v2\/comments?post=12144"}],"version-history":[{"count":1,"href":"https:\/\/sabay.com.tr\/en\/wp-json\/wp\/v2\/pages\/12144\/revisions"}],"predecessor-version":[{"id":12145,"href":"https:\/\/sabay.com.tr\/en\/wp-json\/wp\/v2\/pages\/12144\/revisions\/12145"}],"wp:attachment":[{"href":"https:\/\/sabay.com.tr\/en\/wp-json\/wp\/v2\/media?parent=12144"}],"curies":[{"name":"wp","href":"https:\/\/api.w.org\/{rel}","templated":true}]}}