{"id":12260,"date":"2025-12-10T11:51:22","date_gmt":"2025-12-10T11:51:22","guid":{"rendered":"https:\/\/sabay.com.tr\/?page_id=12260"},"modified":"2025-12-10T18:53:11","modified_gmt":"2025-12-10T18:53:11","slug":"bozulabilir-kargo-tasimasi","status":"publish","type":"page","link":"https:\/\/sabay.com.tr\/en\/bozulabilir-kargo-tasimasi\/","title":{"rendered":"Perishable Cargo Transportation"},"content":{"rendered":"<div data-elementor-type=\"wp-page\" data-elementor-id=\"12260\" class=\"elementor elementor-12260\">\n\t\t\t\t<div class=\"no-position  elementor-element elementor-element-5ed6172d e-con-full e-flex e-con e-parent\" data-id=\"5ed6172d\" data-element_type=\"container\" data-e-type=\"container\">\n\t\t\t\t<\/div>\n\t\t<div class=\"no-position  elementor-element elementor-element-6ff35df2 e-flex e-con-boxed e-con e-parent\" data-id=\"6ff35df2\" data-element_type=\"container\" data-e-type=\"container\">\n\t\t\t\t\t<div class=\"e-con-inner\">\n\t\t<div class=\"no-position  elementor-element elementor-element-b4686db e-con-full e-flex e-con e-child\" data-id=\"b4686db\" data-element_type=\"container\" data-e-type=\"container\">\n\t\t\t\t<div class=\"elementor-element elementor-element-2a35d663 gsap-move-no rs-tween_max_btn-no elementor-widget elementor-widget-rs-image\" data-id=\"2a35d663\" data-element_type=\"widget\" data-e-type=\"widget\" data-widget_type=\"rs-image.default\">\n\t\t\t\t<div class=\"elementor-widget-container\">\n\t\t\t\t\t\n        <div class=\"rs-image no ruler_image_ ruler_position_\">\n                                                            <img decoding=\"async\" class=\"rs-multi-image  reverse- blend_unset\" src=\"https:\/\/sabay.com.tr\/yeni\/wp-content\/uploads\/2025\/12\/35-1662120152.jpeg\" alt=\"35-1662120152\"\/>\n                                                                        <\/div>   \n          \n    \t\t\t\t<\/div>\n\t\t\t\t<\/div>\n\t\t\t\t<div class=\"elementor-element elementor-element-6bc54d30 gsap-move-no rs-tween_max_btn-no elementor-widget elementor-widget-rs-heading\" data-id=\"6bc54d30\" data-element_type=\"widget\" data-e-type=\"widget\" data-widget_type=\"rs-heading.default\">\n\t\t\t\t<div class=\"elementor-widget-container\">\n\t\t\t\t\t\n\t\t<div class=\"prelements-heading default    animate-\">\n\t\t\t<div class=\"title-inner\">\n\t\t\t\t<h2 class=\"title rs-split-text-disable\">Perishable Cargo Transportation (Cold Chain Management)<\/h2>\n\t\t\t<\/div>\n\t\t\t\t\t\t\t<div class=\"description\">\n\t\t\t\t\t<ul><li data-start=\"6579\" data-end=\"6753\"><p data-path-to-node=\"6\"><b>Sabay Logistics<\/b> as such, all applications where temperature control is essential and time sensitivity is required. <b>your perishable cargo<\/b> We offer expert solutions for this. We meticulously manage your products to ensure they arrive at their destination undamaged, fresh, and exactly when you require them. <b>cold chain<\/b> This is guaranteed by our process.<\/p><h4 data-path-to-node=\"7\">Our Solutions:<\/h4><ul data-path-to-node=\"8\"><li><p data-path-to-node=\"8,0,0\"><b>Temperature-Controlled Transportation:<\/b> Whether it&#039;s pharmaceuticals, vaccines, food, fresh fruits and vegetables, flowers, or chemicals, we provide the precise temperature regimes (frozen, cold, cool) your products need.<\/p><\/li><li><p data-path-to-node=\"8,1,0\"><b>Continuous Cold Chain:<\/b> By monitoring temperature data in real-time at every stage of the shipment (loading, storage, transit, and delivery), we guarantee that there are no interruptions at any point in the supply chain.<\/p><\/li><li><p data-path-to-node=\"8,2,0\"><b>Expert Team and Certification:<\/b> Our staff, specially trained in the handling of perishable goods, operates in full compliance with international standards and legal regulations (IATA, HACCP, etc.).<\/p><\/li><\/ul><h4 data-path-to-node=\"9\">Why Sabay Logistics?<\/h4><blockquote data-path-to-node=\"10\"><p data-path-to-node=\"10,0\"><b>Speed and Reliability:<\/b> Time is the most critical factor in perishable cargo. Thanks to our extensive agent network and priority transportation plans, we ensure your shipments are delivered on time, without the risk of delay.<\/p><\/blockquote><p data-path-to-node=\"11\">Transporting perishable cargo, <b>cold storage or sensitive logistics<\/b> Contact us today for your needs. Let us create an optimized transportation plan tailored to your specific requirements.<\/p><\/li><\/ul>\t\t\t\t<\/div>\n\t\t\t\t\t<\/div>\n\t\t\t\t<\/div>\n\t\t\t\t<\/div>\n\t\t\t\t<div class=\"elementor-element elementor-element-53e68b62 gsap-move-no rs-tween_max_btn-no elementor-widget elementor-widget-rspostnavigation\" data-id=\"53e68b62\" data-element_type=\"widget\" data-e-type=\"widget\" data-widget_type=\"rspostnavigation.default\">\n\t\t\t\t<div class=\"elementor-widget-container\">\n\t\t\t\t\t                    <div class=\"rs-post-navigation rs-portfolio-navigation\">\n                <ul>\n                                            <li class=\"prev\">\n                            <a href=\"https:\/\/sabay.com.tr\/en\/ilac-ve-kozmetik-urunleri-tasimasi\/\">\n                                <span class=\"next_link\">\n                                    <svg xmlns=\"http:\/\/www.w3.org\/2000\/svg\" width=\"22\" height=\"8\" viewbox=\"0 0 22 8\" fill=\"none\"><path d=\"M21 3.5C21.2761 3.5 21.5 3.72386 21.5 4C21.5 4.27614 21.2761 4.5 21 4.5V3.5ZM0.646446 4.35355C0.451185 4.15829 0.451185 3.84171 0.646446 3.64645L3.82843 0.464466C4.02369 0.269204 4.34027 0.269204 4.53553 0.464466C4.7308 0.659728 4.7308 0.976311 4.53553 1.17157L1.70711 4L4.53553 6.82843C4.7308 7.02369 4.7308 7.34027 4.53553 7.53553C4.34027 7.7308 4.02369 7.7308 3.82843 7.53553L0.646446 4.35355ZM21 4.5H1V3.5H21V4.5Z\" fill=\"white\"><\/path><\/svg>                                    Previous Post                                <\/span>\n                                <span class=\"link_text\"> \n                                    Transportation of Pharmaceuticals and Cosmetics                                <\/span>\n                            <\/a>\n                        <\/li>\n                                            <li class=\"next\">\n                            <a href=\"https:\/\/sabay.com.tr\/en\/fuar-ve-etkinlik-tasimasi\/\">\n                                <span class=\"next_link\">\n                                    Next Post                                    <svg xmlns=\"http:\/\/www.w3.org\/2000\/svg\" width=\"22\" height=\"8\" viewbox=\"0 0 22 8\" fill=\"none\"><path d=\"M1 3.5C0.723858 3.5 0.5 3.72386 0.5 4C0.5 4.27614 0.723858 4.5 1 4.5V3.5ZM21.3536 4.35355C21.5488 4.15829 21.5488 3.84171 21.3536 3.64645L18.1716 0.464466C17.9763 0.269204 17.6597 0.269204 17.4645 0.464466C17.2692 0.659728 17.2692 0.976311 17.4645 1.17157L20.2929 4L17.4645 6.82843C17.2692 7.02369 17.2692 7.34027 17.4645 7.53553C17.6597 7.7308 17.9763 7.7308 18.1716 7.53553L21.3536 4.35355ZM1 4.5H21V3.5H1V4.5Z\" fill=\"white\"><\/path><\/svg>                                <\/span>\n                                <span class=\"link_text\">\n                                    Fair and Event Transportation                                <\/span>\n                            <\/a>\n                        <\/li>\n                                    <\/ul>\n                <div class=\"clearfix\"><\/div>\n            <\/div>\n        \t\t\t\t<\/div>\n\t\t\t\t<\/div>\n\t\t\t\t<\/div>\n\t\t<div class=\"no-position  contents-sticky elementor-element elementor-element-2cce9b02 e-con-full e-flex e-con e-child\" data-id=\"2cce9b02\" data-element_type=\"container\" data-e-type=\"container\">\n\t\t<div class=\"no-position  elementor-element elementor-element-b8c3ef8 e-con-full e-flex e-con e-child\" data-id=\"b8c3ef8\" data-element_type=\"container\" data-e-type=\"container\" data-settings=\"{&quot;background_background&quot;:&quot;classic&quot;}\">\n\t\t\t\t<div class=\"elementor-element elementor-element-2c88b472 gsap-move-no rs-tween_max_btn-no elementor-widget elementor-widget-rs-heading\" data-id=\"2c88b472\" data-element_type=\"widget\" data-e-type=\"widget\" data-widget_type=\"rs-heading.default\">\n\t\t\t\t<div class=\"elementor-widget-container\">\n\t\t\t\t\t\n\t\t<div class=\"prelements-heading default    animate-\">\n\t\t\t<div class=\"title-inner\">\n\t\t\t\t<h4 class=\"title rs-split-text-disable\">All Our Services<\/h4>\n\t\t\t<\/div>\n\t\t\t\t\t<\/div>\n\t\t\t\t<\/div>\n\t\t\t\t<\/div>\n\t\t\t\t<div class=\"elementor-element elementor-element-42745dd hfe-nav-menu__breakpoint-none hfe-nav-menu__align-left hfe-submenu-icon-arrow hfe-link-redirect-child gsap-move-no rs-tween_max_btn-no elementor-widget elementor-widget-navigation-menu\" data-id=\"42745dd\" data-element_type=\"widget\" data-e-type=\"widget\" data-settings=\"{&quot;padding_horizontal_menu_item&quot;:{&quot;unit&quot;:&quot;px&quot;,&quot;top&quot;:&quot;20&quot;,&quot;right&quot;:&quot;20&quot;,&quot;bottom&quot;:&quot;20&quot;,&quot;left&quot;:&quot;20&quot;,&quot;isLinked&quot;:false},&quot;main_menu_border_radius&quot;:{&quot;unit&quot;:&quot;px&quot;,&quot;top&quot;:&quot;0&quot;,&quot;right&quot;:&quot;0&quot;,&quot;bottom&quot;:&quot;0&quot;,&quot;left&quot;:&quot;0&quot;,&quot;isLinked&quot;:true},&quot;location_area_padding&quot;:{&quot;unit&quot;:&quot;px&quot;,&quot;top&quot;:&quot;0&quot;,&quot;right&quot;:&quot;0&quot;,&quot;bottom&quot;:&quot;0&quot;,&quot;left&quot;:&quot;0&quot;,&quot;isLinked&quot;:false},&quot;location_area_padding_laptop&quot;:{&quot;unit&quot;:&quot;px&quot;,&quot;top&quot;:&quot;&quot;,&quot;right&quot;:&quot;&quot;,&quot;bottom&quot;:&quot;&quot;,&quot;left&quot;:&quot;&quot;,&quot;isLinked&quot;:true},&quot;location_area_padding_tablet&quot;:{&quot;unit&quot;:&quot;px&quot;,&quot;top&quot;:&quot;&quot;,&quot;right&quot;:&quot;&quot;,&quot;bottom&quot;:&quot;&quot;,&quot;left&quot;:&quot;&quot;,&quot;isLinked&quot;:true},&quot;location_area_padding_mobile&quot;:{&quot;unit&quot;:&quot;px&quot;,&quot;top&quot;:&quot;&quot;,&quot;right&quot;:&quot;&quot;,&quot;bottom&quot;:&quot;&quot;,&quot;left&quot;:&quot;&quot;,&quot;isLinked&quot;:true},&quot;padding_horizontal_menu_item_laptop&quot;:{&quot;unit&quot;:&quot;px&quot;,&quot;top&quot;:&quot;&quot;,&quot;right&quot;:&quot;&quot;,&quot;bottom&quot;:&quot;&quot;,&quot;left&quot;:&quot;&quot;,&quot;isLinked&quot;:true},&quot;padding_horizontal_menu_item_tablet&quot;:{&quot;unit&quot;:&quot;px&quot;,&quot;top&quot;:&quot;&quot;,&quot;right&quot;:&quot;&quot;,&quot;bottom&quot;:&quot;&quot;,&quot;left&quot;:&quot;&quot;,&quot;isLinked&quot;:true},&quot;padding_horizontal_menu_item_mobile&quot;:{&quot;unit&quot;:&quot;px&quot;,&quot;top&quot;:&quot;&quot;,&quot;right&quot;:&quot;&quot;,&quot;bottom&quot;:&quot;&quot;,&quot;left&quot;:&quot;&quot;,&quot;isLinked&quot;:true},&quot;menu_bottom_space_last_zero&quot;:{&quot;unit&quot;:&quot;px&quot;,&quot;size&quot;:&quot;&quot;,&quot;sizes&quot;:[]},&quot;menu_bottom_space_last_zero_laptop&quot;:{&quot;unit&quot;:&quot;px&quot;,&quot;size&quot;:&quot;&quot;,&quot;sizes&quot;:[]},&quot;menu_bottom_space_last_zero_tablet&quot;:{&quot;unit&quot;:&quot;px&quot;,&quot;size&quot;:&quot;&quot;,&quot;sizes&quot;:[]},&quot;menu_bottom_space_last_zero_mobile&quot;:{&quot;unit&quot;:&quot;px&quot;,&quot;size&quot;:&quot;&quot;,&quot;sizes&quot;:[]},&quot;main_menu_border_radius_laptop&quot;:{&quot;unit&quot;:&quot;px&quot;,&quot;top&quot;:&quot;&quot;,&quot;right&quot;:&quot;&quot;,&quot;bottom&quot;:&quot;&quot;,&quot;left&quot;:&quot;&quot;,&quot;isLinked&quot;:true},&quot;main_menu_border_radius_tablet&quot;:{&quot;unit&quot;:&quot;px&quot;,&quot;top&quot;:&quot;&quot;,&quot;right&quot;:&quot;&quot;,&quot;bottom&quot;:&quot;&quot;,&quot;left&quot;:&quot;&quot;,&quot;isLinked&quot;:true},&quot;main_menu_border_radius_mobile&quot;:{&quot;unit&quot;:&quot;px&quot;,&quot;top&quot;:&quot;&quot;,&quot;right&quot;:&quot;&quot;,&quot;bottom&quot;:&quot;&quot;,&quot;left&quot;:&quot;&quot;,&quot;isLinked&quot;:true},&quot;main_menu_hover_border_radius&quot;:{&quot;unit&quot;:&quot;px&quot;,&quot;top&quot;:&quot;&quot;,&quot;right&quot;:&quot;&quot;,&quot;bottom&quot;:&quot;&quot;,&quot;left&quot;:&quot;&quot;,&quot;isLinked&quot;:true},&quot;main_menu_hover_border_radius_laptop&quot;:{&quot;unit&quot;:&quot;px&quot;,&quot;top&quot;:&quot;&quot;,&quot;right&quot;:&quot;&quot;,&quot;bottom&quot;:&quot;&quot;,&quot;left&quot;:&quot;&quot;,&quot;isLinked&quot;:true},&quot;main_menu_hover_border_radius_tablet&quot;:{&quot;unit&quot;:&quot;px&quot;,&quot;top&quot;:&quot;&quot;,&quot;right&quot;:&quot;&quot;,&quot;bottom&quot;:&quot;&quot;,&quot;left&quot;:&quot;&quot;,&quot;isLinked&quot;:true},&quot;main_menu_hover_border_radius_mobile&quot;:{&quot;unit&quot;:&quot;px&quot;,&quot;top&quot;:&quot;&quot;,&quot;right&quot;:&quot;&quot;,&quot;bottom&quot;:&quot;&quot;,&quot;left&quot;:&quot;&quot;,&quot;isLinked&quot;:true},&quot;dropdown_border_radius&quot;:{&quot;unit&quot;:&quot;px&quot;,&quot;top&quot;:&quot;&quot;,&quot;right&quot;:&quot;&quot;,&quot;bottom&quot;:&quot;&quot;,&quot;left&quot;:&quot;&quot;,&quot;isLinked&quot;:true},&quot;dropdown_border_radius_laptop&quot;:{&quot;unit&quot;:&quot;px&quot;,&quot;top&quot;:&quot;&quot;,&quot;right&quot;:&quot;&quot;,&quot;bottom&quot;:&quot;&quot;,&quot;left&quot;:&quot;&quot;,&quot;isLinked&quot;:true},&quot;dropdown_border_radius_tablet&quot;:{&quot;unit&quot;:&quot;px&quot;,&quot;top&quot;:&quot;&quot;,&quot;right&quot;:&quot;&quot;,&quot;bottom&quot;:&quot;&quot;,&quot;left&quot;:&quot;&quot;,&quot;isLinked&quot;:true},&quot;dropdown_border_radius_mobile&quot;:{&quot;unit&quot;:&quot;px&quot;,&quot;top&quot;:&quot;&quot;,&quot;right&quot;:&quot;&quot;,&quot;bottom&quot;:&quot;&quot;,&quot;left&quot;:&quot;&quot;,&quot;isLinked&quot;:true},&quot;padding_horizontal_dropdown_item&quot;:{&quot;unit&quot;:&quot;px&quot;,&quot;size&quot;:&quot;&quot;,&quot;sizes&quot;:[]},&quot;padding_horizontal_dropdown_item_laptop&quot;:{&quot;unit&quot;:&quot;px&quot;,&quot;size&quot;:&quot;&quot;,&quot;sizes&quot;:[]},&quot;padding_horizontal_dropdown_item_tablet&quot;:{&quot;unit&quot;:&quot;px&quot;,&quot;size&quot;:&quot;&quot;,&quot;sizes&quot;:[]},&quot;padding_horizontal_dropdown_item_mobile&quot;:{&quot;unit&quot;:&quot;px&quot;,&quot;size&quot;:&quot;&quot;,&quot;sizes&quot;:[]},&quot;padding_vertical_dropdown_item&quot;:{&quot;unit&quot;:&quot;px&quot;,&quot;size&quot;:15,&quot;sizes&quot;:[]},&quot;padding_vertical_dropdown_item_laptop&quot;:{&quot;unit&quot;:&quot;px&quot;,&quot;size&quot;:&quot;&quot;,&quot;sizes&quot;:[]},&quot;padding_vertical_dropdown_item_tablet&quot;:{&quot;unit&quot;:&quot;px&quot;,&quot;size&quot;:&quot;&quot;,&quot;sizes&quot;:[]},&quot;padding_vertical_dropdown_item_mobile&quot;:{&quot;unit&quot;:&quot;px&quot;,&quot;size&quot;:&quot;&quot;,&quot;sizes&quot;:[]},&quot;distance_from_menu&quot;:{&quot;unit&quot;:&quot;px&quot;,&quot;size&quot;:&quot;&quot;,&quot;sizes&quot;:[]},&quot;distance_from_menu_laptop&quot;:{&quot;unit&quot;:&quot;px&quot;,&quot;size&quot;:&quot;&quot;,&quot;sizes&quot;:[]},&quot;distance_from_menu_tablet&quot;:{&quot;unit&quot;:&quot;px&quot;,&quot;size&quot;:&quot;&quot;,&quot;sizes&quot;:[]},&quot;distance_from_menu_mobile&quot;:{&quot;unit&quot;:&quot;px&quot;,&quot;size&quot;:&quot;&quot;,&quot;sizes&quot;:[]},&quot;toggle_size&quot;:{&quot;unit&quot;:&quot;px&quot;,&quot;size&quot;:&quot;&quot;,&quot;sizes&quot;:[]},&quot;toggle_size_laptop&quot;:{&quot;unit&quot;:&quot;px&quot;,&quot;size&quot;:&quot;&quot;,&quot;sizes&quot;:[]},&quot;toggle_size_tablet&quot;:{&quot;unit&quot;:&quot;px&quot;,&quot;size&quot;:&quot;&quot;,&quot;sizes&quot;:[]},&quot;toggle_size_mobile&quot;:{&quot;unit&quot;:&quot;px&quot;,&quot;size&quot;:&quot;&quot;,&quot;sizes&quot;:[]},&quot;toggle_border_width&quot;:{&quot;unit&quot;:&quot;px&quot;,&quot;size&quot;:&quot;&quot;,&quot;sizes&quot;:[]},&quot;toggle_border_width_laptop&quot;:{&quot;unit&quot;:&quot;px&quot;,&quot;size&quot;:&quot;&quot;,&quot;sizes&quot;:[]},&quot;toggle_border_width_tablet&quot;:{&quot;unit&quot;:&quot;px&quot;,&quot;size&quot;:&quot;&quot;,&quot;sizes&quot;:[]},&quot;toggle_border_width_mobile&quot;:{&quot;unit&quot;:&quot;px&quot;,&quot;size&quot;:&quot;&quot;,&quot;sizes&quot;:[]},&quot;toggle_border_radius&quot;:{&quot;unit&quot;:&quot;px&quot;,&quot;size&quot;:&quot;&quot;,&quot;sizes&quot;:[]},&quot;toggle_border_radius_laptop&quot;:{&quot;unit&quot;:&quot;px&quot;,&quot;size&quot;:&quot;&quot;,&quot;sizes&quot;:[]},&quot;toggle_border_radius_tablet&quot;:{&quot;unit&quot;:&quot;px&quot;,&quot;size&quot;:&quot;&quot;,&quot;sizes&quot;:[]},&quot;toggle_border_radius_mobile&quot;:{&quot;unit&quot;:&quot;px&quot;,&quot;size&quot;:&quot;&quot;,&quot;sizes&quot;:[]}}\" data-widget_type=\"navigation-menu.default\">\n\t\t\t\t<div class=\"elementor-widget-container\">\n\t\t\t\t\t\n\t\t<style>\n\t\t\t.hfe-layout-vertical .left-arrow ul .menu-item:hover a:after {\n\t\t\t\tbackground: !important;\n\t\t\t}\n\t\t\t.hfe-layout-vertical .left-arrow ul .menu-item:hover a:before {\n\t\t\t\tborder-left: 6px solid \t\t\t}\n\t\t<\/style>\n\n\t\t\t\t\t<div class=\"hfe-nav-menu hfe-layout-vertical normal hfe-nav-menu-layout mega_columns1 vertical\" data-layout=\"vertical\">\n\t\t\t\t<div class=\"hfe-nav-menu__toggle elementor-clickable\">\n\t\t\t\t\t<div class=\"hfe-nav-menu-icon\">\n\t\t\t\t\t\t\t\t\t\t\t<\/div>\n\t\t\t\t<\/div>\n\t\t\t\t\n\t\t\t\t<nav class=\"hfe-nav-menu__layout-vertical hfe-nav-menu__submenu-arrow rs_one_columns no-separator no-arrow no-circle arrow icon-enable\" data-toggle-icon=\"\" data-close-icon=\"\" data-full-width=\"\">\n\t\t\t\t\t<ul id=\"menu-1-42745dd\" class=\"hfe-nav-menu dropdownto-left-no\"><li id=\"menu-item-11825-299182\" class=\"menu-item menu-item-type-post_type menu-item-object-services parent hfe-creative-menu\"><a href=\"https:\/\/sabay.com.tr\/en\/service\/airline-freight\/\" class = \"hfe-menu-item\">Air Cargo<em class=\"rs__menu_sp_dyc\"><i class=\"ri-arrow-right-double-line\"><\/i><\/em><\/a><\/li>\n<li id=\"menu-item-12302-248919\" class=\"menu-item menu-item-type-post_type menu-item-object-page parent hfe-creative-menu\"><a href=\"https:\/\/sabay.com.tr\/en\/konteyner-tasimaciligi\/\" class = \"hfe-menu-item\">Container Transportation<em class=\"rs__menu_sp_dyc\"><i class=\"ri-arrow-right-double-line\"><\/i><\/em><\/a><\/li>\n<li id=\"menu-item-9858-543279\" class=\"menu-item menu-item-type-post_type menu-item-object-services parent hfe-creative-menu\"><a href=\"https:\/\/sabay.com.tr\/en\/service\/rail-transport\/\" class = \"hfe-menu-item\">Rail Transportation<em class=\"rs__menu_sp_dyc\"><i class=\"ri-arrow-right-double-line\"><\/i><\/em><\/a><\/li>\n<li id=\"menu-item-9985-331489\" class=\"menu-item menu-item-type-post_type menu-item-object-services parent hfe-creative-menu\"><a href=\"https:\/\/sabay.com.tr\/en\/service\/road-transport\/\" class = \"hfe-menu-item\">Road Transportation<em class=\"rs__menu_sp_dyc\"><i class=\"ri-arrow-right-double-line\"><\/i><\/em><\/a><\/li>\n<li id=\"menu-item-12297-202810\" class=\"menu-item menu-item-type-post_type menu-item-object-page parent hfe-creative-menu\"><a href=\"https:\/\/sabay.com.tr\/en\/proje-tasimaciligi\/\" class = \"hfe-menu-item\">Project Transportation<em class=\"rs__menu_sp_dyc\"><i class=\"ri-arrow-right-double-line\"><\/i><\/em><\/a><\/li>\n<li id=\"menu-item-12298-177942\" class=\"menu-item menu-item-type-post_type menu-item-object-page parent hfe-creative-menu\"><a href=\"https:\/\/sabay.com.tr\/en\/express-kurye-tasimaciligi\/\" class = \"hfe-menu-item\">Express Courier Transportation<em class=\"rs__menu_sp_dyc\"><i class=\"ri-arrow-right-double-line\"><\/i><\/em><\/a><\/li>\n<li id=\"menu-item-12299-395301\" class=\"menu-item menu-item-type-post_type menu-item-object-page parent hfe-creative-menu\"><a href=\"https:\/\/sabay.com.tr\/en\/ilac-ve-kozmetik-urunleri-tasimasi\/\" class = \"hfe-menu-item\">Transportation of Pharmaceuticals and Cosmetics<em class=\"rs__menu_sp_dyc\"><i class=\"ri-arrow-right-double-line\"><\/i><\/em><\/a><\/li>\n<li id=\"menu-item-12300-845093\" class=\"menu-item menu-item-type-post_type menu-item-object-page parent hfe-creative-menu\"><a href=\"https:\/\/sabay.com.tr\/en\/bozulabilir-kargo-tasimasi\/\" class = \"hfe-menu-item\">Perishable Cargo Transportation<em class=\"rs__menu_sp_dyc\"><i class=\"ri-arrow-right-double-line\"><\/i><\/em><\/a><\/li>\n<li id=\"menu-item-12301-432983\" class=\"menu-item menu-item-type-post_type menu-item-object-page parent hfe-creative-menu\"><a href=\"https:\/\/sabay.com.tr\/en\/fuar-ve-etkinlik-tasimasi\/\" class = \"hfe-menu-item\">Fair and Event Transportation<em class=\"rs__menu_sp_dyc\"><i class=\"ri-arrow-right-double-line\"><\/i><\/em><\/a><\/li>\n<li id=\"menu-item-12315-841733\" class=\"menu-item menu-item-type-post_type menu-item-object-page parent hfe-creative-menu\"><a href=\"https:\/\/sabay.com.tr\/en\/gumrukleme\/\" class = \"hfe-menu-item\">Customs Clearance<em class=\"rs__menu_sp_dyc\"><i class=\"ri-arrow-right-double-line\"><\/i><\/em><\/a><\/li>\n<\/ul>\t\t\t\t<\/nav>              \n\t\t\t<\/div>\n\n\t\t\t\t\t\t\t<\/div>\n\t\t\t\t<\/div>\n\t\t\t\t<\/div>\n\t\t<div class=\"no-position  rs-sticky-default elementor-element elementor-element-65a05518 e-con-full e-flex e-con e-child\" data-id=\"65a05518\" data-element_type=\"container\" data-e-type=\"container\" data-settings=\"{&quot;background_background&quot;:&quot;classic&quot;}\">\n\t\t\t\t<div class=\"elementor-element elementor-element-1bb20666 gsap-move-no rs-tween_max_btn-no elementor-widget elementor-widget-heading\" data-id=\"1bb20666\" data-element_type=\"widget\" data-e-type=\"widget\" data-widget_type=\"heading.default\">\n\t\t\t\t\t<h4 class=\"elementor-heading-title elementor-size-default\">Documents<\/h4>\t\t\t\t<\/div>\n\t\t\t\t<div class=\"elementor-element elementor-element-f4e5ca3 gsap-move-no rs-tween_max_btn-no elementor-widget elementor-widget-rsbrochures\" data-id=\"f4e5ca3\" data-element_type=\"widget\" data-e-type=\"widget\" data-widget_type=\"rsbrochures.default\">\n\t\t\t\t<div class=\"elementor-widget-container\">\n\t\t\t\t\t \n\n        <div class=\"rs-brochures\">\n\n            <div class=\"brochures-content\">\n                                    <ul class=\"rs-features-list\">\n                                                    <li class=\"elementor-repeater-item-a36adfb\">\n                                \n                                <a href=\"#\" >\n                                    <div class=\"brochures-left\">\n                                                                                    <div class=\"list-brochures-img\">\n                                                <img decoding=\"async\" src=\"https:\/\/logitic.rstheme.com\/logistics3\/wp-content\/uploads\/2025\/10\/docs.svg\" alt=\"docs.svg\">\n                                            <\/div>\n                                        \n                                        <div class=\"list-feature-content\">\n                                            <span class=\"rs-feature-text\">Download Specifications<\/span>\n                                                                                    <\/div>\n\n                                    <\/div>\n\n                                    <div class=\"brochures-right\">\n                                                                                    <div class=\"list-brochures-img\">\n                                                <img decoding=\"async\" src=\"https:\/\/logitic.rstheme.com\/logistics3\/wp-content\/uploads\/2025\/10\/down.svg\" alt=\"down.svg\">\n                                            <\/div>\n                                                                            <\/div>\n                                <\/a>\n                            <\/li>\n                                                    <li class=\"elementor-repeater-item-96325cb\">\n                                \n                                <a href=\"#\" >\n                                    <div class=\"brochures-left\">\n                                                                                    <div class=\"list-brochures-img\">\n                                                <img decoding=\"async\" src=\"https:\/\/logitic.rstheme.com\/logistics3\/wp-content\/uploads\/2025\/10\/pdf.svg\" alt=\"Service Packages Tracking\">\n                                            <\/div>\n                                        \n                                        <div class=\"list-feature-content\">\n                                            <span class=\"rs-feature-text\">Download Contract<\/span>\n                                                                                    <\/div>\n\n                                    <\/div>\n\n                                    <div class=\"brochures-right\">\n                                                                                    <div class=\"list-brochures-img\">\n                                                <img decoding=\"async\" src=\"https:\/\/logitic.rstheme.com\/logistics3\/wp-content\/uploads\/2025\/10\/down_pdf.svg\" alt=\"pdf.svg\">\n                                            <\/div>\n                                                                            <\/div>\n                                <\/a>\n                            <\/li>\n                                            <\/ul>\n                            <\/div>  \n\n        <\/div>\n        \t\t\t\t<\/div>\n\t\t\t\t<\/div>\n\t\t\t\t<\/div>\n\t\t\t\t<\/div>\n\t\t\t\t\t<\/div>\n\t\t\t\t<\/div>\n\t\t\t\t<\/div>","protected":false},"excerpt":{"rendered":"<p>Bozulabilir Kargo Ta\u015f\u0131mac\u0131l\u0131\u011f\u0131 (So\u011fuk Zincir Y\u00f6netimi) Sabay Lojistik olarak, s\u0131cakl\u0131k kontrol\u00fc zorunlu olan ve zaman hassasiyeti ta\u015f\u0131yan t\u00fcm bozulabilir (perishable) kargolar\u0131n\u0131z i\u00e7in uzman \u00e7\u00f6z\u00fcmler sunuyoruz. \u00dcr\u00fcnlerinizin hasars\u0131z, taze ve tam istedi\u011finiz zamanda var\u0131\u015f noktas\u0131na ula\u015fmas\u0131, titizlikle y\u00f6netti\u011fimiz so\u011fuk zincir s\u00fcrecimizle garanti alt\u0131ndad\u0131r. Sundu\u011fumuz \u00c7\u00f6z\u00fcmler: S\u0131cakl\u0131k Kontroll\u00fc Ta\u015f\u0131ma: \u0130la\u00e7, a\u015f\u0131, g\u0131da, taze meyve-sebze, \u00e7i\u00e7ek veya kimyasal&#8230;<\/p>","protected":false},"author":1,"featured_media":0,"parent":0,"menu_order":0,"comment_status":"closed","ping_status":"closed","template":"elementor_header_footer","meta":{"footnotes":""},"class_list":["post-12260","page","type-page","status-publish","hentry"],"_links":{"self":[{"href":"https:\/\/sabay.com.tr\/en\/wp-json\/wp\/v2\/pages\/12260","targetHints":{"allow":["GET"]}}],"collection":[{"href":"https:\/\/sabay.com.tr\/en\/wp-json\/wp\/v2\/pages"}],"about":[{"href":"https:\/\/sabay.com.tr\/en\/wp-json\/wp\/v2\/types\/page"}],"author":[{"embeddable":true,"href":"https:\/\/sabay.com.tr\/en\/wp-json\/wp\/v2\/users\/1"}],"replies":[{"embeddable":true,"href":"https:\/\/sabay.com.tr\/en\/wp-json\/wp\/v2\/comments?post=12260"}],"version-history":[{"count":5,"href":"https:\/\/sabay.com.tr\/en\/wp-json\/wp\/v2\/pages\/12260\/revisions"}],"predecessor-version":[{"id":12276,"href":"https:\/\/sabay.com.tr\/en\/wp-json\/wp\/v2\/pages\/12260\/revisions\/12276"}],"wp:attachment":[{"href":"https:\/\/sabay.com.tr\/en\/wp-json\/wp\/v2\/media?parent=12260"}],"curies":[{"name":"wp","href":"https:\/\/api.w.org\/{rel}","templated":true}]}}