{"id":12458,"date":"2025-12-24T12:18:49","date_gmt":"2025-12-24T12:18:49","guid":{"rendered":"https:\/\/sabay.com.tr\/?page_id=12458"},"modified":"2025-12-29T12:16:42","modified_gmt":"2025-12-29T12:16:42","slug":"uyeliklerimiz","status":"publish","type":"page","link":"https:\/\/sabay.com.tr\/en\/uyeliklerimiz\/","title":{"rendered":"Our Memberships"},"content":{"rendered":"<div data-elementor-type=\"wp-page\" data-elementor-id=\"12458\" class=\"elementor elementor-12458\">\n\t\t\t\t<div class=\"no-position  elementor-element elementor-element-e420a0f e-flex e-con-boxed e-con e-parent\" data-id=\"e420a0f\" data-element_type=\"container\" data-e-type=\"container\">\n\t\t\t\t\t<div class=\"e-con-inner\">\n\t\t\t\t<div class=\"elementor-element elementor-element-c283df3 gsap-move-no rs-tween_max_btn-no elementor-widget elementor-widget-heading\" data-id=\"c283df3\" data-element_type=\"widget\" data-e-type=\"widget\" data-widget_type=\"heading.default\">\n\t\t\t\t\t<h2 class=\"elementor-heading-title elementor-size-default\">OUR MEMBERSHIPS<\/h2>\t\t\t\t<\/div>\n\t\t\t\t\t<\/div>\n\t\t\t\t<\/div>\n\t\t<div class=\"no-position  elementor-element elementor-element-9d48616 e-flex e-con-boxed e-con e-parent\" data-id=\"9d48616\" data-element_type=\"container\" data-e-type=\"container\">\n\t\t\t\t\t<div class=\"e-con-inner\">\n\t\t<div class=\"no-position  elementor-element elementor-element-8869c67 e-con-full e-flex e-con e-child\" data-id=\"8869c67\" data-element_type=\"container\" data-e-type=\"container\">\n\t\t\t\t<div class=\"elementor-element elementor-element-07ce6c0 gsap-move-no rs-tween_max_btn-no elementor-widget elementor-widget-image\" data-id=\"07ce6c0\" data-element_type=\"widget\" data-e-type=\"widget\" data-widget_type=\"image.default\">\n\t\t\t\t\t\t\t\t\t\t\t\t\t\t\t<img decoding=\"async\" width=\"159\" height=\"35\" src=\"https:\/\/sabay.com.tr\/wp-content\/uploads\/2025\/12\/Screenshot-2025-12-29-at-14.50.05.png\" class=\"attachment-large size-large wp-image-12589\" alt=\"\" \/>\t\t\t\t\t\t\t\t\t\t\t\t\t\t\t<\/div>\n\t\t\t\t<\/div>\n\t\t<div class=\"no-position  elementor-element elementor-element-a545436 e-con-full e-flex e-con e-child\" data-id=\"a545436\" data-element_type=\"container\" data-e-type=\"container\">\n\t\t\t\t<div class=\"elementor-element elementor-element-b6be4d3 gsap-move-no rs-tween_max_btn-no elementor-widget elementor-widget-text-editor\" data-id=\"b6be4d3\" data-element_type=\"widget\" data-e-type=\"widget\" data-widget_type=\"text-editor.default\">\n\t\t\t\t\t\t\t\t\t<p class=\"\"><strong class=\"\">IASA (International Air Shipping Association):<\/strong>\u00a0Founded in 1971 and headquartered in the UK, the company has established an international transportation backbone with over 220 offices in 60 countries.<\/p>\t\t\t\t\t\t\t\t<\/div>\n\t\t\t\t<\/div>\n\t\t\t\t\t<\/div>\n\t\t\t\t<\/div>\n\t\t<div class=\"no-position  elementor-element elementor-element-e6c1330 e-flex e-con-boxed e-con e-parent\" data-id=\"e6c1330\" data-element_type=\"container\" data-e-type=\"container\">\n\t\t\t\t\t<div class=\"e-con-inner\">\n\t\t<div class=\"no-position  elementor-element elementor-element-ba6dc20 e-con-full e-flex e-con e-child\" data-id=\"ba6dc20\" data-element_type=\"container\" data-e-type=\"container\">\n\t\t\t\t<div class=\"elementor-element elementor-element-b2b3a7d gsap-move-no rs-tween_max_btn-no elementor-widget elementor-widget-image\" data-id=\"b2b3a7d\" data-element_type=\"widget\" data-e-type=\"widget\" data-widget_type=\"image.default\">\n\t\t\t\t\t\t\t\t\t\t\t\t\t\t\t<img fetchpriority=\"high\" decoding=\"async\" width=\"512\" height=\"512\" src=\"https:\/\/sabay.com.tr\/wp-content\/uploads\/2025\/12\/47448358_2537274029635064_3575427683984605184_n.jpg\" class=\"attachment-large size-large wp-image-12547\" alt=\"\" srcset=\"https:\/\/sabay.com.tr\/wp-content\/uploads\/2025\/12\/47448358_2537274029635064_3575427683984605184_n.jpg 512w, https:\/\/sabay.com.tr\/wp-content\/uploads\/2025\/12\/47448358_2537274029635064_3575427683984605184_n-300x300.jpg 300w, https:\/\/sabay.com.tr\/wp-content\/uploads\/2025\/12\/47448358_2537274029635064_3575427683984605184_n-150x150.jpg 150w, https:\/\/sabay.com.tr\/wp-content\/uploads\/2025\/12\/47448358_2537274029635064_3575427683984605184_n-500x500.jpg 500w\" sizes=\"(max-width: 512px) 100vw, 512px\" \/>\t\t\t\t\t\t\t\t\t\t\t\t\t\t\t<\/div>\n\t\t\t\t<\/div>\n\t\t<div class=\"no-position  elementor-element elementor-element-88d7250 e-con-full e-flex e-con e-child\" data-id=\"88d7250\" data-element_type=\"container\" data-e-type=\"container\">\n\t\t\t\t<div class=\"elementor-element elementor-element-1e95344 gsap-move-no rs-tween_max_btn-no elementor-widget elementor-widget-text-editor\" data-id=\"1e95344\" data-element_type=\"widget\" data-e-type=\"widget\" data-widget_type=\"text-editor.default\">\n\t\t\t\t\t\t\t\t\t<p class=\"\"><strong class=\"\">LOGNET:<\/strong>\u00a0WCA is a reputable logistics network with a global network of agents belonging to the WCA group.<\/p><p class=\"\">\u00a0<\/p>\t\t\t\t\t\t\t\t<\/div>\n\t\t\t\t<\/div>\n\t\t\t\t\t<\/div>\n\t\t\t\t<\/div>\n\t\t<div class=\"no-position  elementor-element elementor-element-2ed9ead e-flex e-con-boxed e-con e-parent\" data-id=\"2ed9ead\" data-element_type=\"container\" data-e-type=\"container\">\n\t\t\t\t\t<div class=\"e-con-inner\">\n\t\t<div class=\"no-position  elementor-element elementor-element-2e98915 e-con-full e-flex e-con e-child\" data-id=\"2e98915\" data-element_type=\"container\" data-e-type=\"container\">\n\t\t\t\t<div class=\"elementor-element elementor-element-f846c1f gsap-move-no rs-tween_max_btn-no elementor-widget elementor-widget-image\" data-id=\"f846c1f\" data-element_type=\"widget\" data-e-type=\"widget\" data-widget_type=\"image.default\">\n\t\t\t\t\t\t\t\t\t\t\t\t\t\t\t<img decoding=\"async\" width=\"640\" height=\"213\" src=\"https:\/\/sabay.com.tr\/wp-content\/uploads\/2025\/12\/nap-1024x341.png\" class=\"attachment-large size-large wp-image-12515\" alt=\"\" srcset=\"https:\/\/sabay.com.tr\/wp-content\/uploads\/2025\/12\/nap-1024x341.png 1024w, https:\/\/sabay.com.tr\/wp-content\/uploads\/2025\/12\/nap-300x100.png 300w, https:\/\/sabay.com.tr\/wp-content\/uploads\/2025\/12\/nap-768x256.png 768w, https:\/\/sabay.com.tr\/wp-content\/uploads\/2025\/12\/nap.png 1500w\" sizes=\"(max-width: 640px) 100vw, 640px\" \/>\t\t\t\t\t\t\t\t\t\t\t\t\t\t\t<\/div>\n\t\t\t\t<\/div>\n\t\t<div class=\"no-position  elementor-element elementor-element-8667d2a e-con-full e-flex e-con e-child\" data-id=\"8667d2a\" data-element_type=\"container\" data-e-type=\"container\">\n\t\t\t\t<div class=\"elementor-element elementor-element-efe49d2 gsap-move-no rs-tween_max_btn-no elementor-widget elementor-widget-text-editor\" data-id=\"efe49d2\" data-element_type=\"widget\" data-e-type=\"widget\" data-widget_type=\"text-editor.default\">\n\t\t\t\t\t\t\t\t\t<p class=\"\"><strong class=\"\">Neutral Air Partners (NAP):<\/strong>\u00a0Neutral Air Partners (NAP), of which we are a founding member since 2017, is an organization with 150 members and a wide logistics network serving all over the world.<\/p>\t\t\t\t\t\t\t\t<\/div>\n\t\t\t\t<\/div>\n\t\t\t\t\t<\/div>\n\t\t\t\t<\/div>\n\t\t<div class=\"no-position  elementor-element elementor-element-8c705b3 e-flex e-con-boxed e-con e-parent\" data-id=\"8c705b3\" data-element_type=\"container\" data-e-type=\"container\">\n\t\t\t\t\t<div class=\"e-con-inner\">\n\t\t<div class=\"no-position  elementor-element elementor-element-fc8a45c e-con-full e-flex e-con e-child\" data-id=\"fc8a45c\" data-element_type=\"container\" data-e-type=\"container\">\n\t\t\t\t<div class=\"elementor-element elementor-element-c5d40d6 gsap-move-no rs-tween_max_btn-no elementor-widget elementor-widget-image\" data-id=\"c5d40d6\" data-element_type=\"widget\" data-e-type=\"widget\" data-widget_type=\"image.default\">\n\t\t\t\t\t\t\t\t\t\t\t\t\t\t\t<img loading=\"lazy\" decoding=\"async\" width=\"640\" height=\"640\" src=\"https:\/\/sabay.com.tr\/wp-content\/uploads\/2025\/12\/TIACA-OFFICIAL-LOGO-2018-color-1024x1024.png\" class=\"attachment-large size-large wp-image-12516\" alt=\"\" srcset=\"https:\/\/sabay.com.tr\/wp-content\/uploads\/2025\/12\/TIACA-OFFICIAL-LOGO-2018-color-1024x1024.png 1024w, https:\/\/sabay.com.tr\/wp-content\/uploads\/2025\/12\/TIACA-OFFICIAL-LOGO-2018-color-300x300.png 300w, https:\/\/sabay.com.tr\/wp-content\/uploads\/2025\/12\/TIACA-OFFICIAL-LOGO-2018-color-150x150.png 150w, https:\/\/sabay.com.tr\/wp-content\/uploads\/2025\/12\/TIACA-OFFICIAL-LOGO-2018-color-768x768.png 768w, https:\/\/sabay.com.tr\/wp-content\/uploads\/2025\/12\/TIACA-OFFICIAL-LOGO-2018-color-500x500.png 500w, https:\/\/sabay.com.tr\/wp-content\/uploads\/2025\/12\/TIACA-OFFICIAL-LOGO-2018-color-1536x1536.png 1536w, https:\/\/sabay.com.tr\/wp-content\/uploads\/2025\/12\/TIACA-OFFICIAL-LOGO-2018-color.png 2048w\" sizes=\"(max-width: 640px) 100vw, 640px\" \/>\t\t\t\t\t\t\t\t\t\t\t\t\t\t\t<\/div>\n\t\t\t\t<\/div>\n\t\t<div class=\"no-position  elementor-element elementor-element-1eb62c4 e-con-full e-flex e-con e-child\" data-id=\"1eb62c4\" data-element_type=\"container\" data-e-type=\"container\">\n\t\t\t\t<div class=\"elementor-element elementor-element-74b8ac0 gsap-move-no rs-tween_max_btn-no elementor-widget elementor-widget-text-editor\" data-id=\"74b8ac0\" data-element_type=\"widget\" data-e-type=\"widget\" data-widget_type=\"text-editor.default\">\n\t\t\t\t\t\t\t\t\t<p class=\"\"><strong class=\"\">TIACA:<\/strong> SABAY LOGISTICS became a member of TIACA (International Air Cargo Association), the world&#039;s largest air cargo network, in 2020.<\/p>\t\t\t\t\t\t\t\t<\/div>\n\t\t\t\t<\/div>\n\t\t\t\t\t<\/div>\n\t\t\t\t<\/div>\n\t\t<div class=\"no-position  elementor-element elementor-element-de1ade2 e-flex e-con-boxed e-con e-parent\" data-id=\"de1ade2\" data-element_type=\"container\" data-e-type=\"container\">\n\t\t\t\t\t<div class=\"e-con-inner\">\n\t\t<div class=\"no-position  elementor-element elementor-element-6490bd0 e-con-full e-flex e-con e-child\" data-id=\"6490bd0\" data-element_type=\"container\" data-e-type=\"container\">\n\t\t\t\t<div class=\"elementor-element elementor-element-ba84ee0 gsap-move-no rs-tween_max_btn-no elementor-widget elementor-widget-image\" data-id=\"ba84ee0\" data-element_type=\"widget\" data-e-type=\"widget\" data-widget_type=\"image.default\">\n\t\t\t\t\t\t\t\t\t\t\t\t\t\t\t<img loading=\"lazy\" decoding=\"async\" width=\"640\" height=\"671\" src=\"https:\/\/sabay.com.tr\/wp-content\/uploads\/2025\/12\/logo-976x1024.jpg\" class=\"attachment-large size-large wp-image-12514\" alt=\"\" srcset=\"https:\/\/sabay.com.tr\/wp-content\/uploads\/2025\/12\/logo-976x1024.jpg 976w, https:\/\/sabay.com.tr\/wp-content\/uploads\/2025\/12\/logo-286x300.jpg 286w, https:\/\/sabay.com.tr\/wp-content\/uploads\/2025\/12\/logo-768x806.jpg 768w, https:\/\/sabay.com.tr\/wp-content\/uploads\/2025\/12\/logo-1464x1536.jpg 1464w, https:\/\/sabay.com.tr\/wp-content\/uploads\/2025\/12\/logo-1952x2048.jpg 1952w\" sizes=\"(max-width: 640px) 100vw, 640px\" \/>\t\t\t\t\t\t\t\t\t\t\t\t\t\t\t<\/div>\n\t\t\t\t<\/div>\n\t\t<div class=\"no-position  elementor-element elementor-element-f011805 e-con-full e-flex e-con e-child\" data-id=\"f011805\" data-element_type=\"container\" data-e-type=\"container\">\n\t\t\t\t<div class=\"elementor-element elementor-element-88c95d8 gsap-move-no rs-tween_max_btn-no elementor-widget elementor-widget-text-editor\" data-id=\"88c95d8\" data-element_type=\"widget\" data-e-type=\"widget\" data-widget_type=\"text-editor.default\">\n\t\t\t\t\t\t\t\t\t<p class=\"\"><strong class=\"\">CHAMBER OF MARITIME COMMERCE:<\/strong>\u00a0It is an organization whose members include all companies operating in maritime trade, ship agency, and ship chartering businesses in T\u00fcrkiye. SABAY became a member of the Chamber of Maritime Commerce in 1984.<\/p><p class=\"\">\u00a0<\/p>\t\t\t\t\t\t\t\t<\/div>\n\t\t\t\t<\/div>\n\t\t\t\t\t<\/div>\n\t\t\t\t<\/div>\n\t\t<div class=\"no-position  elementor-element elementor-element-6cbf4fb e-flex e-con-boxed e-con e-parent\" data-id=\"6cbf4fb\" data-element_type=\"container\" data-e-type=\"container\">\n\t\t\t\t\t<div class=\"e-con-inner\">\n\t\t<div class=\"no-position  elementor-element elementor-element-8b0d411 e-con-full e-flex e-con e-child\" data-id=\"8b0d411\" data-element_type=\"container\" data-e-type=\"container\">\n\t\t\t\t<div class=\"elementor-element elementor-element-e8f2da1 gsap-move-no rs-tween_max_btn-no elementor-widget elementor-widget-image\" data-id=\"e8f2da1\" data-element_type=\"widget\" data-e-type=\"widget\" data-widget_type=\"image.default\">\n\t\t\t\t\t\t\t\t\t\t\t\t\t\t\t<img loading=\"lazy\" decoding=\"async\" width=\"640\" height=\"151\" src=\"https:\/\/sabay.com.tr\/wp-content\/uploads\/2025\/12\/Logo-1.png\" class=\"attachment-large size-large wp-image-12494\" alt=\"\" srcset=\"https:\/\/sabay.com.tr\/wp-content\/uploads\/2025\/12\/Logo-1.png 700w, https:\/\/sabay.com.tr\/wp-content\/uploads\/2025\/12\/Logo-1-300x71.png 300w\" sizes=\"(max-width: 640px) 100vw, 640px\" \/>\t\t\t\t\t\t\t\t\t\t\t\t\t\t\t<\/div>\n\t\t\t\t<\/div>\n\t\t<div class=\"no-position  elementor-element elementor-element-d910517 e-con-full e-flex e-con e-child\" data-id=\"d910517\" data-element_type=\"container\" data-e-type=\"container\">\n\t\t\t\t<div class=\"elementor-element elementor-element-0282ae6 gsap-move-no rs-tween_max_btn-no elementor-widget elementor-widget-text-editor\" data-id=\"0282ae6\" data-element_type=\"widget\" data-e-type=\"widget\" data-widget_type=\"text-editor.default\">\n\t\t\t\t\t\t\t\t\t<p class=\"\"><strong class=\"\">UTIKAD (International Association of Transport and Logistics Service Providers):<\/strong>\u00a0It is an umbrella organization representing freight forwarder agencies in T\u00fcrkiye. SABAY LOJISTIK became a member of UTIKAD in 2001.<\/p>\t\t\t\t\t\t\t\t<\/div>\n\t\t\t\t<\/div>\n\t\t\t\t\t<\/div>\n\t\t\t\t<\/div>\n\t\t<div class=\"no-position  elementor-element elementor-element-59a851c e-flex e-con-boxed e-con e-parent\" data-id=\"59a851c\" data-element_type=\"container\" data-e-type=\"container\">\n\t\t\t\t\t<div class=\"e-con-inner\">\n\t\t<div class=\"no-position  elementor-element elementor-element-938aca6 e-con-full e-flex e-con e-child\" data-id=\"938aca6\" data-element_type=\"container\" data-e-type=\"container\">\n\t\t\t\t<div class=\"elementor-element elementor-element-8ea1588 gsap-move-no rs-tween_max_btn-no elementor-widget elementor-widget-image\" data-id=\"8ea1588\" data-element_type=\"widget\" data-e-type=\"widget\" data-widget_type=\"image.default\">\n\t\t\t\t\t\t\t\t\t\t\t\t\t\t\t<img loading=\"lazy\" decoding=\"async\" width=\"350\" height=\"130\" src=\"https:\/\/sabay.com.tr\/wp-content\/uploads\/2025\/12\/images.png\" class=\"attachment-large size-large wp-image-12585\" alt=\"\" srcset=\"https:\/\/sabay.com.tr\/wp-content\/uploads\/2025\/12\/images.png 350w, https:\/\/sabay.com.tr\/wp-content\/uploads\/2025\/12\/images-300x111.png 300w\" sizes=\"(max-width: 350px) 100vw, 350px\" \/>\t\t\t\t\t\t\t\t\t\t\t\t\t\t\t<\/div>\n\t\t\t\t<\/div>\n\t\t<div class=\"no-position  elementor-element elementor-element-5b5a568 e-con-full e-flex e-con e-child\" data-id=\"5b5a568\" data-element_type=\"container\" data-e-type=\"container\">\n\t\t\t\t<div class=\"elementor-element elementor-element-7be7f95 gsap-move-no rs-tween_max_btn-no elementor-widget elementor-widget-text-editor\" data-id=\"7be7f95\" data-element_type=\"widget\" data-e-type=\"widget\" data-widget_type=\"text-editor.default\">\n\t\t\t\t\t\t\t\t\t<p class=\"\"><b>WCA:<\/b> The world&#039;s largest agency network.<\/p>\t\t\t\t\t\t\t\t<\/div>\n\t\t\t\t<\/div>\n\t\t\t\t\t<\/div>\n\t\t\t\t<\/div>\n\t\t<div class=\"no-position  elementor-element elementor-element-d5640f7 e-flex e-con-boxed e-con e-parent\" data-id=\"d5640f7\" data-element_type=\"container\" data-e-type=\"container\">\n\t\t\t\t\t<div class=\"e-con-inner\">\n\t\t\t\t\t<\/div>\n\t\t\t\t<\/div>\n\t\t\t\t<\/div>","protected":false},"excerpt":{"rendered":"<p>\u00dcYEL\u0130KLER\u0130M\u0130Z IASA (International Air Shipping Association):\u00a01971 y\u0131l\u0131nda kurulmu\u015f olan \u0130ngiltere merkezli kurum, 60 \u00fclkede 220\u2032 nin \u00fczerinde ofis ile uluslararas\u0131 ta\u015f\u0131mac\u0131l\u0131k omurgas\u0131 olu\u015fturmu\u015ftur. LOGNET:\u00a0WCA gurubuna ba\u011fl\u0131 d\u00fcnyan\u0131n her yerine da\u011f\u0131lm\u0131\u015f acente a\u011f\u0131na sahip sayg\u0131n bir lojistik network\u00fcd\u00fcr. \u00a0 Neutral Air Partners ( NAP ):\u00a02017 y\u0131l\u0131nda kurucu \u00fcyelerinden oldu\u011fumuz Neutral Air Partners (NAP) , 150 \u00fcyesi&#8230;<\/p>","protected":false},"author":1,"featured_media":0,"parent":0,"menu_order":0,"comment_status":"closed","ping_status":"closed","template":"elementor_header_footer","meta":{"footnotes":""},"class_list":["post-12458","page","type-page","status-publish","hentry"],"_links":{"self":[{"href":"https:\/\/sabay.com.tr\/en\/wp-json\/wp\/v2\/pages\/12458","targetHints":{"allow":["GET"]}}],"collection":[{"href":"https:\/\/sabay.com.tr\/en\/wp-json\/wp\/v2\/pages"}],"about":[{"href":"https:\/\/sabay.com.tr\/en\/wp-json\/wp\/v2\/types\/page"}],"author":[{"embeddable":true,"href":"https:\/\/sabay.com.tr\/en\/wp-json\/wp\/v2\/users\/1"}],"replies":[{"embeddable":true,"href":"https:\/\/sabay.com.tr\/en\/wp-json\/wp\/v2\/comments?post=12458"}],"version-history":[{"count":20,"href":"https:\/\/sabay.com.tr\/en\/wp-json\/wp\/v2\/pages\/12458\/revisions"}],"predecessor-version":[{"id":12592,"href":"https:\/\/sabay.com.tr\/en\/wp-json\/wp\/v2\/pages\/12458\/revisions\/12592"}],"wp:attachment":[{"href":"https:\/\/sabay.com.tr\/en\/wp-json\/wp\/v2\/media?parent=12458"}],"curies":[{"name":"wp","href":"https:\/\/api.w.org\/{rel}","templated":true}]}}