{"id":12464,"date":"2025-12-24T12:28:10","date_gmt":"2025-12-24T12:28:10","guid":{"rendered":"https:\/\/sabay.com.tr\/?page_id=12464"},"modified":"2025-12-29T11:08:04","modified_gmt":"2025-12-29T11:08:04","slug":"sertifikalarimiz","status":"publish","type":"page","link":"https:\/\/sabay.com.tr\/en\/sertifikalarimiz\/","title":{"rendered":"Our Certificates"},"content":{"rendered":"<div data-elementor-type=\"wp-page\" data-elementor-id=\"12464\" class=\"elementor elementor-12464\">\n\t\t\t\t<div class=\"no-position  elementor-element elementor-element-ce4054a e-flex e-con-boxed e-con e-parent\" data-id=\"ce4054a\" data-element_type=\"container\" data-e-type=\"container\">\n\t\t\t\t\t<div class=\"e-con-inner\">\n\t\t\t\t<div class=\"elementor-element elementor-element-8ba031a gsap-move-no rs-tween_max_btn-no elementor-widget elementor-widget-heading\" data-id=\"8ba031a\" data-element_type=\"widget\" data-e-type=\"widget\" data-widget_type=\"heading.default\">\n\t\t\t\t\t<h2 class=\"elementor-heading-title elementor-size-default\">OUR CERTIFICATES<\/h2>\t\t\t\t<\/div>\n\t\t\t\t\t<\/div>\n\t\t\t\t<\/div>\n\t\t<div class=\"no-position  elementor-element elementor-element-f2420aa e-flex e-con-boxed e-con e-parent\" data-id=\"f2420aa\" data-element_type=\"container\" data-e-type=\"container\">\n\t\t\t\t\t<div class=\"e-con-inner\">\n\t\t<div class=\"no-position  elementor-element elementor-element-9626b8d e-con-full e-flex e-con e-child\" data-id=\"9626b8d\" data-element_type=\"container\" data-e-type=\"container\">\n\t\t\t\t<div class=\"elementor-element elementor-element-01df823 gsap-move-no rs-tween_max_btn-no elementor-widget elementor-widget-image\" data-id=\"01df823\" data-element_type=\"widget\" data-e-type=\"widget\" data-widget_type=\"image.default\">\n\t\t\t\t\t\t\t\t\t\t\t\t\t\t\t<img fetchpriority=\"high\" decoding=\"async\" width=\"640\" height=\"410\" src=\"https:\/\/sabay.com.tr\/wp-content\/uploads\/2025\/12\/cc91c2553da4c865191d5d3931e226b2-1024x656.png\" class=\"attachment-large size-large wp-image-12519\" alt=\"\" srcset=\"https:\/\/sabay.com.tr\/wp-content\/uploads\/2025\/12\/cc91c2553da4c865191d5d3931e226b2-1024x656.png 1024w, https:\/\/sabay.com.tr\/wp-content\/uploads\/2025\/12\/cc91c2553da4c865191d5d3931e226b2-300x192.png 300w, https:\/\/sabay.com.tr\/wp-content\/uploads\/2025\/12\/cc91c2553da4c865191d5d3931e226b2-768x492.png 768w, https:\/\/sabay.com.tr\/wp-content\/uploads\/2025\/12\/cc91c2553da4c865191d5d3931e226b2.png 1200w\" sizes=\"(max-width: 640px) 100vw, 640px\" \/>\t\t\t\t\t\t\t\t\t\t\t\t\t\t\t<\/div>\n\t\t\t\t<\/div>\n\t\t<div class=\"no-position  elementor-element elementor-element-a6afb78 e-con-full e-flex e-con e-child\" data-id=\"a6afb78\" data-element_type=\"container\" data-e-type=\"container\">\n\t\t\t\t<div class=\"elementor-element elementor-element-c00b49c gsap-move-no rs-tween_max_btn-no elementor-widget elementor-widget-text-editor\" data-id=\"c00b49c\" data-element_type=\"widget\" data-e-type=\"widget\" data-widget_type=\"text-editor.default\">\n\t\t\t\t\t\t\t\t\t<p><strong class=\"\">IATA (International Air Transport Association):<\/strong>\u00a0SABAY LOGISTICS has been a member of the organization that regulates global air transportation activities and grants air cargo agency authorization since 1998.<\/p><p>Since 1998<\/p>\t\t\t\t\t\t\t\t<\/div>\n\t\t\t\t<\/div>\n\t\t\t\t\t<\/div>\n\t\t\t\t<\/div>\n\t\t<div class=\"no-position  elementor-element elementor-element-948fd07 e-flex e-con-boxed e-con e-parent\" data-id=\"948fd07\" data-element_type=\"container\" data-e-type=\"container\">\n\t\t\t\t\t<div class=\"e-con-inner\">\n\t\t<div class=\"no-position  elementor-element elementor-element-0e25d27 e-con-full e-flex e-con e-child\" data-id=\"0e25d27\" data-element_type=\"container\" data-e-type=\"container\">\n\t\t\t\t<div class=\"elementor-element elementor-element-c35e04b gsap-move-no rs-tween_max_btn-no elementor-widget elementor-widget-image\" data-id=\"c35e04b\" data-element_type=\"widget\" data-e-type=\"widget\" data-widget_type=\"image.default\">\n\t\t\t\t\t\t\t\t\t\t\t\t\t\t\t<img decoding=\"async\" width=\"335\" height=\"313\" src=\"https:\/\/sabay.com.tr\/wp-content\/uploads\/2025\/12\/pngaaa.com-4047058.png\" class=\"attachment-large size-large wp-image-12520\" alt=\"\" srcset=\"https:\/\/sabay.com.tr\/wp-content\/uploads\/2025\/12\/pngaaa.com-4047058.png 335w, https:\/\/sabay.com.tr\/wp-content\/uploads\/2025\/12\/pngaaa.com-4047058-300x280.png 300w\" sizes=\"(max-width: 335px) 100vw, 335px\" \/>\t\t\t\t\t\t\t\t\t\t\t\t\t\t\t<\/div>\n\t\t\t\t<\/div>\n\t\t<div class=\"no-position  elementor-element elementor-element-39c9f7e e-con-full e-flex e-con e-child\" data-id=\"39c9f7e\" data-element_type=\"container\" data-e-type=\"container\">\n\t\t\t\t<div class=\"elementor-element elementor-element-4cbd3b6 gsap-move-no rs-tween_max_btn-no elementor-widget elementor-widget-text-editor\" data-id=\"4cbd3b6\" data-element_type=\"widget\" data-e-type=\"widget\" data-widget_type=\"text-editor.default\">\n\t\t\t\t\t\t\t\t\t<p><strong class=\"\">FIATA (F\u00e9d\u00e9ration Internationale des Associations de Transitaires et Assimil\u00e9s \/ International Federation of Freight Forwarders Associations):<\/strong>\u00a0FIATA is an international organization headquartered in Switzerland, whose members are international freight forwarder companies. SABAY LOGISTICS became a member in 2001.<\/p><p>Since 2001<\/p>\t\t\t\t\t\t\t\t<\/div>\n\t\t\t\t<\/div>\n\t\t\t\t\t<\/div>\n\t\t\t\t<\/div>\n\t\t<div class=\"no-position  elementor-element elementor-element-f624d7d e-flex e-con-boxed e-con e-parent\" data-id=\"f624d7d\" data-element_type=\"container\" data-e-type=\"container\">\n\t\t\t\t\t<div class=\"e-con-inner\">\n\t\t<div class=\"no-position  elementor-element elementor-element-fda31d8 e-con-full e-flex e-con e-child\" data-id=\"fda31d8\" data-element_type=\"container\" data-e-type=\"container\">\n\t\t\t\t<div class=\"elementor-element elementor-element-0262241 gsap-move-no rs-tween_max_btn-no elementor-widget elementor-widget-image\" data-id=\"0262241\" data-element_type=\"widget\" data-e-type=\"widget\" data-widget_type=\"image.default\">\n\t\t\t\t\t\t\t\t\t\t\t\t\t\t\t<img decoding=\"async\" width=\"640\" height=\"469\" src=\"https:\/\/sabay.com.tr\/wp-content\/uploads\/2025\/12\/Tio-Belgesi-Logo-1-1024x750-1.png\" class=\"attachment-large size-large wp-image-12525\" alt=\"\" srcset=\"https:\/\/sabay.com.tr\/wp-content\/uploads\/2025\/12\/Tio-Belgesi-Logo-1-1024x750-1.png 1024w, https:\/\/sabay.com.tr\/wp-content\/uploads\/2025\/12\/Tio-Belgesi-Logo-1-1024x750-1-300x220.png 300w, https:\/\/sabay.com.tr\/wp-content\/uploads\/2025\/12\/Tio-Belgesi-Logo-1-1024x750-1-768x563.png 768w\" sizes=\"(max-width: 640px) 100vw, 640px\" \/>\t\t\t\t\t\t\t\t\t\t\t\t\t\t\t<\/div>\n\t\t\t\t<\/div>\n\t\t<div class=\"no-position  elementor-element elementor-element-c4fa327 e-con-full e-flex e-con e-child\" data-id=\"c4fa327\" data-element_type=\"container\" data-e-type=\"container\">\n\t\t\t\t<div class=\"elementor-element elementor-element-a05aaac gsap-move-no rs-tween_max_btn-no elementor-widget elementor-widget-text-editor\" data-id=\"a05aaac\" data-element_type=\"widget\" data-e-type=\"widget\" data-widget_type=\"text-editor.default\">\n\t\t\t\t\t\t\t\t\t<p><strong class=\"\">TIO (Transportation Organizer):<\/strong>\u00a0We hold a forwarder license authorized by the Turkish Ministry of Transport and Communications with a TIO certificate since 2019.<\/p><p>Since 2019<\/p>\t\t\t\t\t\t\t\t<\/div>\n\t\t\t\t<\/div>\n\t\t\t\t\t<\/div>\n\t\t\t\t<\/div>\n\t\t<div class=\"no-position  elementor-element elementor-element-f1a6dbd e-flex e-con-boxed e-con e-parent\" data-id=\"f1a6dbd\" data-element_type=\"container\" data-e-type=\"container\">\n\t\t\t\t\t<div class=\"e-con-inner\">\n\t\t<div class=\"no-position  elementor-element elementor-element-2b81b96 e-con-full e-flex e-con e-child\" data-id=\"2b81b96\" data-element_type=\"container\" data-e-type=\"container\">\n\t\t\t\t<div class=\"elementor-element elementor-element-2fa1cbe gsap-move-no rs-tween_max_btn-no elementor-widget elementor-widget-image\" data-id=\"2fa1cbe\" data-element_type=\"widget\" data-e-type=\"widget\" data-widget_type=\"image.default\">\n\t\t\t\t\t\t\t\t\t\t\t\t\t\t\t<img loading=\"lazy\" decoding=\"async\" width=\"600\" height=\"401\" src=\"https:\/\/sabay.com.tr\/wp-content\/uploads\/2025\/12\/gdp-jpg.webp\" class=\"attachment-large size-large wp-image-12526\" alt=\"\" srcset=\"https:\/\/sabay.com.tr\/wp-content\/uploads\/2025\/12\/gdp-jpg.webp 600w, https:\/\/sabay.com.tr\/wp-content\/uploads\/2025\/12\/gdp-jpg-300x201.webp 300w\" sizes=\"(max-width: 600px) 100vw, 600px\" \/>\t\t\t\t\t\t\t\t\t\t\t\t\t\t\t<\/div>\n\t\t\t\t<\/div>\n\t\t<div class=\"no-position  elementor-element elementor-element-6cb1f2d e-con-full e-flex e-con e-child\" data-id=\"6cb1f2d\" data-element_type=\"container\" data-e-type=\"container\">\n\t\t\t\t<div class=\"elementor-element elementor-element-1a02cab gsap-move-no rs-tween_max_btn-no elementor-widget elementor-widget-text-editor\" data-id=\"1a02cab\" data-element_type=\"widget\" data-e-type=\"widget\" data-widget_type=\"text-editor.default\">\n\t\t\t\t\t\t\t\t\t<p><strong>GDP (GOODS DISTRIBUTION PRACTICE):\u00a0<\/strong><\/p><p>Since 2022<\/p>\t\t\t\t\t\t\t\t<\/div>\n\t\t\t\t<\/div>\n\t\t\t\t\t<\/div>\n\t\t\t\t<\/div>\n\t\t<div class=\"no-position  elementor-element elementor-element-d027106 e-flex e-con-boxed e-con e-parent\" data-id=\"d027106\" data-element_type=\"container\" data-e-type=\"container\">\n\t\t\t\t\t<div class=\"e-con-inner\">\n\t\t<div class=\"no-position  elementor-element elementor-element-1d7bdff e-con-full e-flex e-con e-child\" data-id=\"1d7bdff\" data-element_type=\"container\" data-e-type=\"container\">\n\t\t\t\t<div class=\"elementor-element elementor-element-1b56f7a gsap-move-no rs-tween_max_btn-no elementor-widget elementor-widget-image\" data-id=\"1b56f7a\" data-element_type=\"widget\" data-e-type=\"widget\" data-widget_type=\"image.default\">\n\t\t\t\t\t\t\t\t\t\t\t\t\t\t\t<img loading=\"lazy\" decoding=\"async\" width=\"500\" height=\"223\" src=\"https:\/\/sabay.com.tr\/wp-content\/uploads\/2025\/12\/1294066925.png\" class=\"attachment-large size-large wp-image-12527\" alt=\"\" srcset=\"https:\/\/sabay.com.tr\/wp-content\/uploads\/2025\/12\/1294066925.png 500w, https:\/\/sabay.com.tr\/wp-content\/uploads\/2025\/12\/1294066925-300x134.png 300w\" sizes=\"(max-width: 500px) 100vw, 500px\" \/>\t\t\t\t\t\t\t\t\t\t\t\t\t\t\t<\/div>\n\t\t\t\t<\/div>\n\t\t<div class=\"no-position  elementor-element elementor-element-4d72789 e-con-full e-flex e-con e-child\" data-id=\"4d72789\" data-element_type=\"container\" data-e-type=\"container\">\n\t\t\t\t<div class=\"elementor-element elementor-element-13c3688 gsap-move-no rs-tween_max_btn-no elementor-widget elementor-widget-text-editor\" data-id=\"13c3688\" data-element_type=\"widget\" data-e-type=\"widget\" data-widget_type=\"text-editor.default\">\n\t\t\t\t\t\t\t\t\t<p><strong>ETGB License:<\/strong><\/p><p>Since 2019<\/p>\t\t\t\t\t\t\t\t<\/div>\n\t\t\t\t<\/div>\n\t\t\t\t\t<\/div>\n\t\t\t\t<\/div>\n\t\t<div class=\"no-position  elementor-element elementor-element-db6fd9d e-flex e-con-boxed e-con e-parent\" data-id=\"db6fd9d\" data-element_type=\"container\" data-e-type=\"container\">\n\t\t\t\t\t<div class=\"e-con-inner\">\n\t\t<div class=\"no-position  elementor-element elementor-element-b3e52b3 e-con-full e-flex e-con e-child\" data-id=\"b3e52b3\" data-element_type=\"container\" data-e-type=\"container\">\n\t\t\t\t<div class=\"elementor-element elementor-element-d4bebf7 gsap-move-no rs-tween_max_btn-no elementor-widget elementor-widget-image\" data-id=\"d4bebf7\" data-element_type=\"widget\" data-e-type=\"widget\" data-widget_type=\"image.default\">\n\t\t\t\t\t\t\t\t\t\t\t\t\t\t\t<img loading=\"lazy\" decoding=\"async\" width=\"640\" height=\"585\" src=\"https:\/\/sabay.com.tr\/wp-content\/uploads\/2025\/12\/ISO_9001-2015.svg-1024x936.png\" class=\"attachment-large size-large wp-image-12531\" alt=\"\" srcset=\"https:\/\/sabay.com.tr\/wp-content\/uploads\/2025\/12\/ISO_9001-2015.svg-1024x936.png 1024w, https:\/\/sabay.com.tr\/wp-content\/uploads\/2025\/12\/ISO_9001-2015.svg-300x274.png 300w, https:\/\/sabay.com.tr\/wp-content\/uploads\/2025\/12\/ISO_9001-2015.svg-768x702.png 768w, https:\/\/sabay.com.tr\/wp-content\/uploads\/2025\/12\/ISO_9001-2015.svg.png 1200w\" sizes=\"(max-width: 640px) 100vw, 640px\" \/>\t\t\t\t\t\t\t\t\t\t\t\t\t\t\t<\/div>\n\t\t\t\t<\/div>\n\t\t<div class=\"no-position  elementor-element elementor-element-7deb5d7 e-con-full e-flex e-con e-child\" data-id=\"7deb5d7\" data-element_type=\"container\" data-e-type=\"container\">\n\t\t\t\t<div class=\"elementor-element elementor-element-446ad03 gsap-move-no rs-tween_max_btn-no elementor-widget elementor-widget-text-editor\" data-id=\"446ad03\" data-element_type=\"widget\" data-e-type=\"widget\" data-widget_type=\"text-editor.default\">\n\t\t\t\t\t\t\t\t\t<p><strong>ISO 9001:2015<\/strong><\/p><p>Since 2022<\/p>\t\t\t\t\t\t\t\t<\/div>\n\t\t\t\t<\/div>\n\t\t\t\t\t<\/div>\n\t\t\t\t<\/div>\n\t\t<div class=\"no-position  elementor-element elementor-element-4354917 e-flex e-con-boxed e-con e-parent\" data-id=\"4354917\" data-element_type=\"container\" data-e-type=\"container\">\n\t\t\t\t\t<div class=\"e-con-inner\">\n\t\t<div class=\"no-position  elementor-element elementor-element-ebb7028 e-con-full e-flex e-con e-child\" data-id=\"ebb7028\" data-element_type=\"container\" data-e-type=\"container\">\n\t\t\t\t<div class=\"elementor-element elementor-element-43eb65d gsap-move-no rs-tween_max_btn-no elementor-widget elementor-widget-image\" data-id=\"43eb65d\" data-element_type=\"widget\" data-e-type=\"widget\" data-widget_type=\"image.default\">\n\t\t\t\t\t\t\t\t\t\t\t\t\t\t\t<img loading=\"lazy\" decoding=\"async\" width=\"478\" height=\"477\" src=\"https:\/\/sabay.com.tr\/wp-content\/uploads\/2025\/12\/QAssurance-logos-e1767005711465.png\" class=\"attachment-large size-large wp-image-12535\" alt=\"\" srcset=\"https:\/\/sabay.com.tr\/wp-content\/uploads\/2025\/12\/QAssurance-logos-e1767005711465.png 478w, https:\/\/sabay.com.tr\/wp-content\/uploads\/2025\/12\/QAssurance-logos-e1767005711465-300x300.png 300w, https:\/\/sabay.com.tr\/wp-content\/uploads\/2025\/12\/QAssurance-logos-e1767005711465-150x150.png 150w\" sizes=\"(max-width: 478px) 100vw, 478px\" \/>\t\t\t\t\t\t\t\t\t\t\t\t\t\t\t<\/div>\n\t\t\t\t<\/div>\n\t\t<div class=\"no-position  elementor-element elementor-element-434ea1d e-con-full e-flex e-con e-child\" data-id=\"434ea1d\" data-element_type=\"container\" data-e-type=\"container\">\n\t\t\t\t<div class=\"elementor-element elementor-element-1447f02 gsap-move-no rs-tween_max_btn-no elementor-widget elementor-widget-text-editor\" data-id=\"1447f02\" data-element_type=\"widget\" data-e-type=\"widget\" data-widget_type=\"text-editor.default\">\n\t\t\t\t\t\t\t\t\t<p><strong>ISO 27001<\/strong><\/p><p>Since 2022<\/p>\t\t\t\t\t\t\t\t<\/div>\n\t\t\t\t<\/div>\n\t\t\t\t\t<\/div>\n\t\t\t\t<\/div>\n\t\t<div class=\"no-position  elementor-element elementor-element-cb95967 e-flex e-con-boxed e-con e-parent\" data-id=\"cb95967\" data-element_type=\"container\" data-e-type=\"container\">\n\t\t\t\t\t<div class=\"e-con-inner\">\n\t\t<div class=\"no-position  elementor-element elementor-element-286c976 e-con-full e-flex e-con e-child\" data-id=\"286c976\" data-element_type=\"container\" data-e-type=\"container\">\n\t\t\t\t<div class=\"elementor-element elementor-element-0cbda5d gsap-move-no rs-tween_max_btn-no elementor-widget elementor-widget-image\" data-id=\"0cbda5d\" data-element_type=\"widget\" data-e-type=\"widget\" data-widget_type=\"image.default\">\n\t\t\t\t\t\t\t\t\t\t\t\t\t\t\t<img loading=\"lazy\" decoding=\"async\" width=\"640\" height=\"640\" src=\"https:\/\/sabay.com.tr\/wp-content\/uploads\/2025\/12\/2025_tuerkiye_national_final_eng_national.png\" class=\"attachment-large size-large wp-image-12536\" alt=\"\" srcset=\"https:\/\/sabay.com.tr\/wp-content\/uploads\/2025\/12\/2025_tuerkiye_national_final_eng_national.png 900w, https:\/\/sabay.com.tr\/wp-content\/uploads\/2025\/12\/2025_tuerkiye_national_final_eng_national-300x300.png 300w, https:\/\/sabay.com.tr\/wp-content\/uploads\/2025\/12\/2025_tuerkiye_national_final_eng_national-150x150.png 150w, https:\/\/sabay.com.tr\/wp-content\/uploads\/2025\/12\/2025_tuerkiye_national_final_eng_national-768x768.png 768w, https:\/\/sabay.com.tr\/wp-content\/uploads\/2025\/12\/2025_tuerkiye_national_final_eng_national-500x500.png 500w\" sizes=\"(max-width: 640px) 100vw, 640px\" \/>\t\t\t\t\t\t\t\t\t\t\t\t\t\t\t<\/div>\n\t\t\t\t<\/div>\n\t\t<div class=\"no-position  elementor-element elementor-element-ee4d499 e-con-full e-flex e-con e-child\" data-id=\"ee4d499\" data-element_type=\"container\" data-e-type=\"container\">\n\t\t\t\t<div class=\"elementor-element elementor-element-c9ac0a5 gsap-move-no rs-tween_max_btn-no elementor-widget elementor-widget-text-editor\" data-id=\"c9ac0a5\" data-element_type=\"widget\" data-e-type=\"widget\" data-widget_type=\"text-editor.default\">\n\t\t\t\t\t\t\t\t\t<p><strong>Great Place to Work<\/strong><\/p><p>In 2025<\/p>\t\t\t\t\t\t\t\t<\/div>\n\t\t\t\t<\/div>\n\t\t\t\t\t<\/div>\n\t\t\t\t<\/div>\n\t\t\t\t<\/div>","protected":false},"excerpt":{"rendered":"<p>SERT\u0130F\u0130KALARIMIZ IATA (International Air Transport Association):\u00a0D\u00fcnya hava yolu ta\u015f\u0131mac\u0131l\u0131\u011f\u0131 faaliyetlerini belirleyen ve hava kargo acenteli\u011fi yetkisini veren kuruma, SABAY LOJISTIK olarak \u00fcyeli\u011fimiz 1998 y\u0131l\u0131ndan bug\u00fcne devam etmektedir. 1998&#8217;den beri FIATA (F\u00e9d\u00e9ration Internationale des Associations de Transitaires et Assimil\u00e9s \/ International Federation of Freight Forwarders Associations) :\u00a0Uluslararas\u0131 Freight Forwarder \u015firketlerinin \u00fcye oldu\u011fu merkezi \u0130svi\u00e7re\u2019de olan uluslararas\u0131&#8230;<\/p>","protected":false},"author":1,"featured_media":0,"parent":0,"menu_order":0,"comment_status":"closed","ping_status":"closed","template":"","meta":{"footnotes":""},"class_list":["post-12464","page","type-page","status-publish","hentry"],"_links":{"self":[{"href":"https:\/\/sabay.com.tr\/en\/wp-json\/wp\/v2\/pages\/12464","targetHints":{"allow":["GET"]}}],"collection":[{"href":"https:\/\/sabay.com.tr\/en\/wp-json\/wp\/v2\/pages"}],"about":[{"href":"https:\/\/sabay.com.tr\/en\/wp-json\/wp\/v2\/types\/page"}],"author":[{"embeddable":true,"href":"https:\/\/sabay.com.tr\/en\/wp-json\/wp\/v2\/users\/1"}],"replies":[{"embeddable":true,"href":"https:\/\/sabay.com.tr\/en\/wp-json\/wp\/v2\/comments?post=12464"}],"version-history":[{"count":25,"href":"https:\/\/sabay.com.tr\/en\/wp-json\/wp\/v2\/pages\/12464\/revisions"}],"predecessor-version":[{"id":12558,"href":"https:\/\/sabay.com.tr\/en\/wp-json\/wp\/v2\/pages\/12464\/revisions\/12558"}],"wp:attachment":[{"href":"https:\/\/sabay.com.tr\/en\/wp-json\/wp\/v2\/media?parent=12464"}],"curies":[{"name":"wp","href":"https:\/\/api.w.org\/{rel}","templated":true}]}}