{"id":426,"date":"2024-11-19T13:08:07","date_gmt":"2024-11-19T13:08:07","guid":{"rendered":"http:\/\/192.168.0.134:10017\/?page_id=426"},"modified":"2025-11-13T14:09:53","modified_gmt":"2025-11-13T14:09:53","slug":"hizmetler","status":"publish","type":"page","link":"https:\/\/sabay.com.tr\/en\/hizmetler\/","title":{"rendered":"Services"},"content":{"rendered":"<div data-elementor-type=\"wp-page\" data-elementor-id=\"426\" class=\"elementor elementor-426\">\n\t\t\t\t<div class=\"no-position  elementor-element elementor-element-2329d2c e-flex e-con-boxed e-con e-parent\" data-id=\"2329d2c\" data-element_type=\"container\" data-e-type=\"container\" data-settings=\"{&quot;background_background&quot;:&quot;classic&quot;}\">\n\t\t\t\t\t<div class=\"e-con-inner\">\n\t\t\t\t<div class=\"elementor-element elementor-element-314d3ae gsap-move-no rs-tween_max_btn-no elementor-widget elementor-widget-page-title\" data-id=\"314d3ae\" data-element_type=\"widget\" data-e-type=\"widget\" data-settings=\"{&quot;align&quot;:&quot;center&quot;}\" data-widget_type=\"page-title.default\">\n\t\t\t\t<div class=\"elementor-widget-container\">\n\t\t\t\t\t\t\t\n\t\t<div class=\"hfe-page-title hfe-page-title-wrapper elementor-widget-heading\">\n\t\t\t\n\t\t\t<h1 class=\"elementor-heading-title elementor-size\">\n\t\t\t\tGlobal Logistics Services\t\t\t<\/h1> \n\n\t\t\t\t\t\t\t\t<\/div>\n\t\t\t\t\t\t<\/div>\n\t\t\t\t<\/div>\n\t\t\t\t<div class=\"elementor-element elementor-element-1014640 gsap-move-no rs-tween_max_btn-no elementor-widget elementor-widget-rs-breadcrumb\" data-id=\"1014640\" data-element_type=\"widget\" data-e-type=\"widget\" data-widget_type=\"rs-breadcrumb.default\">\n\t\t\t\t<div class=\"elementor-widget-container\">\n\t\t\t\t\t                    <div class=\"breadcrumb-area style3\"> \n                <div class=\"breadcrumbs-inner\"> \n                    <span property=\"itemListElement\" typeof=\"ListItem\"><a property=\"item\" typeof=\"WebPage\" title=\"Go to Sabay Logistics.\" href=\"https:\/\/sabay.com.tr\/en\" class=\"home\" ><span property=\"name\">Sabay Logistics<\/span><\/a><meta property=\"position\" content=\"1\"><\/span> &gt; <span property=\"itemListElement\" typeof=\"ListItem\"><a property=\"item\" typeof=\"WebPage\" title=\"Go to Blog.\" href=\"https:\/\/sabay.com.tr\/en\/blog\/\" class=\"post-root post post-post\" aria-current=\"page\"><span property=\"name\">Blog<\/span><\/a><meta property=\"position\" content=\"2\"><\/span>                <\/div>\n            <\/div> \n          \n    \t\t\t\t<\/div>\n\t\t\t\t<\/div>\n\t\t\t\t\t<\/div>\n\t\t\t\t<\/div>\n\t\t<div class=\"no-position  elementor-element elementor-element-0318561 e-flex e-con-boxed e-con e-parent\" data-id=\"0318561\" data-element_type=\"container\" data-e-type=\"container\">\n\t\t\t\t\t<div class=\"e-con-inner\">\n\t\t<div class=\"no-position  contents-sticky elementor-element elementor-element-620173b e-con-full e-flex e-con e-child\" data-id=\"620173b\" data-element_type=\"container\" data-e-type=\"container\">\n\t\t\t\t<div class=\"elementor-element elementor-element-cb91ed8 elementor-widget__width-inherit gsap-move-no rs-tween_max_btn-no elementor-widget elementor-widget-rs-heading\" data-id=\"cb91ed8\" data-element_type=\"widget\" data-e-type=\"widget\" data-widget_type=\"rs-heading.default\">\n\t\t\t\t<div class=\"elementor-widget-container\">\n\t\t\t\t\t\n\t\t<div class=\"prelements-heading style1    animate-\">\n\t\t\t<div class=\"title-inner\">\n\t\t\t\t\t\t\t\t\t<span class=\"sub-text\">\n\t\t\t\t\t\t<svg xmlns=\"http:\/\/www.w3.org\/2000\/svg\" width=\"25\" height=\"9\" viewbox=\"0 0 25 9\" fill=\"none\"><path d=\"M0 0H9V9H0V0Z\" fill=\"#1BBBFF\"><\/path><path d=\"M9 4H25V5H9V4Z\" fill=\"#1BBBFF\"><\/path><\/svg>Our Services<svg xmlns=\"http:\/\/www.w3.org\/2000\/svg\" width=\"25\" height=\"9\" viewbox=\"0 0 25 9\" fill=\"none\"><path d=\"M25 0H16V9H25V0Z\" fill=\"#1BBBFF\"><\/path><path d=\"M16 4H0V5H16V4Z\" fill=\"#1BBBFF\"><\/path><\/svg>\t\t\t\t\t<\/span>\n\t\t\t\t<h2 class=\"title rs-split-text-enable split-in-left\">Around the World<\/h2>\n\t\t\t<\/div>\n\t\t\t\t\t<\/div>\n\t\t\t\t<\/div>\n\t\t\t\t<\/div>\n\t\t\t\t<div class=\"elementor-element elementor-element-390f9f4 gsap-move-no rs-tween_max_btn-no elementor-widget elementor-widget-rs-image\" data-id=\"390f9f4\" data-element_type=\"widget\" data-e-type=\"widget\" data-widget_type=\"rs-image.default\">\n\t\t\t\t<div class=\"elementor-widget-container\">\n\t\t\t\t\t\n        <div class=\"rs-image no ruler_image_no ruler_position_\">\n                                                            <img decoding=\"async\" class=\"rs-multi-image  reverse- blend_unset\" src=\"https:\/\/logitic.rstheme.com\/logistics3\/wp-content\/uploads\/2024\/11\/service-showcase-1.jpg\" alt=\"service-showcase-1\"\/>\n                                                                        <\/div>   \n          \n    \t\t\t\t<\/div>\n\t\t\t\t<\/div>\n\t\t\t\t<\/div>\n\t\t<div class=\"no-position  elementor-element elementor-element-2a26c09 e-con-full e-flex e-con e-child\" data-id=\"2a26c09\" data-element_type=\"container\" data-e-type=\"container\">\n\t\t\t\t<div class=\"elementor-element elementor-element-96faa04 gsap-move-no rs-tween_max_btn-no elementor-widget elementor-widget-rs-service-list\" data-id=\"96faa04\" data-element_type=\"widget\" data-e-type=\"widget\" data-widget_type=\"rs-service-list.default\">\n\t\t\t\t<div class=\"elementor-widget-container\">\n\t\t\t\t\t\t\t\t\t\t<div class=\"rs-service-list thumb-aside scrollable- gsap-fixed-yes start-130 service-list-1474531\" >\r\n\t\t\t\t\t\t\t\t\t<a class=\"services-inner\" href=\"http:\/\/hava-kargo\" >\r\n\t\t\t\t\t\t\t\t\t\t\t\t<div class=\"feature_img  media-aside\">\r\n\t\t\t\t\t\t\t<img decoding=\"async\" data-depth=\"2\" src=\"https:\/\/sabay.com.tr\/wp-content\/uploads\/2024\/12\/service-list-3.jpg\" alt=\"service-list-3\">\r\n\t\t\t\t\t\t\t\t\t\t\t\t\t<\/div>\r\n\t\t\t\t\t\t\t\t\t\t\t\t\t<div class=\"wrap-all\">\r\n\t\t\t\t\t\t\t\t\t\t\t\t\t<div class=\"top-wrapper\">\r\n\t\t\t\t\t\t\t\t\t\t\t\t\t\t\t\t\t\t\t\t\t\t\t\t\t<h4 class=\"title\">\r\n\t\t\t\t\t\t\t\t\t\tAir Cargo Services\t\t\t\t\t\t\t\t\t<\/h4>\r\n\t\t\t\t\t\t\t\t\t\t\t\t\t\t\t\t\t\t\t\t\t\t\t<\/div>\r\n\t\t\t\t\t\t\t<div class=\"bottom-wrapper\">\r\n\t\t\t\t\t\t\t\t\t\t\t\t\t\t\t\t\t<div class=\"desc-text\">\r\n\t\t\t\t\t\t\t\t\t\tPort-to-port, DAP, DDP and door-to-door transportation from international ports to and from T\u00fcrkiye to the world; weekly consolidation and pharmaceutical\/medical cold chain, trade fair and express services.\t\t\t\t\t\t\t\t\t<\/div>\r\n\t\t\t\t\t\t\t\t\t\t\t\t\t\t\t\t\t\t\t\t\t\t\t\t\t<div class=\"btn-part\">\r\n\t\t\t\t\t\t\t\t\t\tRead more<svg xmlns=\"http:\/\/www.w3.org\/2000\/svg\" width=\"12\" height=\"12\" viewbox=\"0 0 12 12\" fill=\"none\"><path d=\"M1.83203 10.1663L10.1654 1.83301\" stroke=\"#F55B1F\" stroke-width=\"2\" stroke-linecap=\"round\" stroke-linejoin=\"round\"><\/path><path d=\"M1.83203 1.83301H10.1654V10.1663\" stroke=\"#F55B1F\" stroke-width=\"2\" stroke-linecap=\"round\" stroke-linejoin=\"round\"><\/path><\/svg>\t\t\t\t\t\t\t\t\t<\/div>\r\n\t\t\t\t\t\t\t\t\t\t\t\t\t\t\t<\/div>\r\n\t\t\t\t\t\t\t\t\t\t\t\t\t<\/div>\r\n\t\t\t\t\t\t\t\t\t\t\t<\/a>\r\n\t\t\t\t\t\t\t\t\t<a class=\"services-inner\" href=\"http:\/\/konteyner-tasimaciligi\" >\r\n\t\t\t\t\t\t\t\t\t\t\t\t<div class=\"feature_img  media-aside\">\r\n\t\t\t\t\t\t\t<img decoding=\"async\" data-depth=\"2\" src=\"https:\/\/sabay.com.tr\/wp-content\/uploads\/2024\/12\/service-list-2.jpg\" alt=\"service-list-2\">\r\n\t\t\t\t\t\t\t\t\t\t\t\t\t<\/div>\r\n\t\t\t\t\t\t\t\t\t\t\t\t\t<div class=\"wrap-all\">\r\n\t\t\t\t\t\t\t\t\t\t\t\t\t<div class=\"top-wrapper\">\r\n\t\t\t\t\t\t\t\t\t\t\t\t\t\t\t\t\t\t\t\t\t\t\t\t\t<h4 class=\"title\">\r\n\t\t\t\t\t\t\t\t\t\tContainer Transportation\t\t\t\t\t\t\t\t\t<\/h4>\r\n\t\t\t\t\t\t\t\t\t\t\t\t\t\t\t\t\t\t\t\t\t\t\t<\/div>\r\n\t\t\t\t\t\t\t<div class=\"bottom-wrapper\">\r\n\t\t\t\t\t\t\t\t\t\t\t\t\t\t\t\t\t<div class=\"desc-text\">\r\n\t\t\t\t\t\t\t\t\t\tFull and partial container, door-to-door, DAP, DDP services to and from all ports in T\u00fcrkiye and to anywhere in the world; weekly LCL (groupage) services from the Far East and the Middle East to Istanbul.\t\t\t\t\t\t\t\t\t<\/div>\r\n\t\t\t\t\t\t\t\t\t\t\t\t\t\t\t\t\t\t\t\t\t\t\t\t\t<div class=\"btn-part\">\r\n\t\t\t\t\t\t\t\t\t\tRead more<svg xmlns=\"http:\/\/www.w3.org\/2000\/svg\" width=\"12\" height=\"12\" viewbox=\"0 0 12 12\" fill=\"none\"><path d=\"M1.83203 10.1663L10.1654 1.83301\" stroke=\"#F55B1F\" stroke-width=\"2\" stroke-linecap=\"round\" stroke-linejoin=\"round\"><\/path><path d=\"M1.83203 1.83301H10.1654V10.1663\" stroke=\"#F55B1F\" stroke-width=\"2\" stroke-linecap=\"round\" stroke-linejoin=\"round\"><\/path><\/svg>\t\t\t\t\t\t\t\t\t<\/div>\r\n\t\t\t\t\t\t\t\t\t\t\t\t\t\t\t<\/div>\r\n\t\t\t\t\t\t\t\t\t\t\t\t\t<\/div>\r\n\t\t\t\t\t\t\t\t\t\t\t<\/a>\r\n\t\t\t\t\t\t\t\t\t<a class=\"services-inner active\" href=\"http:\/\/karayolu-tasimaciligi\" >\r\n\t\t\t\t\t\t\t\t\t\t\t\t<div class=\"feature_img  media-aside\">\r\n\t\t\t\t\t\t\t<img decoding=\"async\" data-depth=\"2\" src=\"https:\/\/sabay.com.tr\/wp-content\/uploads\/2024\/12\/service-list-1.jpg\" alt=\"service-list-1\">\r\n\t\t\t\t\t\t\t\t\t\t\t\t\t<\/div>\r\n\t\t\t\t\t\t\t\t\t\t\t\t\t<div class=\"wrap-all\">\r\n\t\t\t\t\t\t\t\t\t\t\t\t\t<div class=\"top-wrapper\">\r\n\t\t\t\t\t\t\t\t\t\t\t\t\t\t\t\t\t\t\t\t\t\t\t\t\t<h4 class=\"title\">\r\n\t\t\t\t\t\t\t\t\t\tRoad Transportation\t\t\t\t\t\t\t\t\t<\/h4>\r\n\t\t\t\t\t\t\t\t\t\t\t\t\t\t\t\t\t\t\t\t\t\t\t<\/div>\r\n\t\t\t\t\t\t\t<div class=\"bottom-wrapper\">\r\n\t\t\t\t\t\t\t\t\t\t\t\t\t\t\t\t\t<div class=\"desc-text\">\r\n\t\t\t\t\t\t\t\t\t\tTransportation: Seamless import\/export service through special agreements, partial and full load shipments to the Middle East, CIS, and Europe with a fleet of 18 leased vehicles; transit solutions to Iraq, Georgia, Azerbaijan, and Central Asia via Mersin.\t\t\t\t\t\t\t\t\t<\/div>\r\n\t\t\t\t\t\t\t\t\t\t\t\t\t\t\t\t\t\t\t\t\t\t\t\t\t<div class=\"btn-part\">\r\n\t\t\t\t\t\t\t\t\t\tRead more<svg xmlns=\"http:\/\/www.w3.org\/2000\/svg\" width=\"12\" height=\"12\" viewbox=\"0 0 12 12\" fill=\"none\"><path d=\"M1.83203 10.1663L10.1654 1.83301\" stroke=\"#F55B1F\" stroke-width=\"2\" stroke-linecap=\"round\" stroke-linejoin=\"round\"><\/path><path d=\"M1.83203 1.83301H10.1654V10.1663\" stroke=\"#F55B1F\" stroke-width=\"2\" stroke-linecap=\"round\" stroke-linejoin=\"round\"><\/path><\/svg>\t\t\t\t\t\t\t\t\t<\/div>\r\n\t\t\t\t\t\t\t\t\t\t\t\t\t\t\t<\/div>\r\n\t\t\t\t\t\t\t\t\t\t\t\t\t<\/div>\r\n\t\t\t\t\t\t\t\t\t\t\t<\/a>\r\n\t\t\t\t\t\t\t\t\t<a class=\"services-inner active\" href=\"http:\/\/karayolu-tasimaciligi\" >\r\n\t\t\t\t\t\t\t\t\t\t\t\t<div class=\"feature_img  media-aside\">\r\n\t\t\t\t\t\t\t<img decoding=\"async\" data-depth=\"2\" src=\"https:\/\/sabay.com.tr\/wp-content\/uploads\/2024\/12\/service-list-1.jpg\" alt=\"service-list-1\">\r\n\t\t\t\t\t\t\t\t\t\t\t\t\t<\/div>\r\n\t\t\t\t\t\t\t\t\t\t\t\t\t<div class=\"wrap-all\">\r\n\t\t\t\t\t\t\t\t\t\t\t\t\t<div class=\"top-wrapper\">\r\n\t\t\t\t\t\t\t\t\t\t\t\t\t\t\t\t\t\t\t\t\t\t\t\t\t<h4 class=\"title\">\r\n\t\t\t\t\t\t\t\t\t\tRoad Transportation\t\t\t\t\t\t\t\t\t<\/h4>\r\n\t\t\t\t\t\t\t\t\t\t\t\t\t\t\t\t\t\t\t\t\t\t\t<\/div>\r\n\t\t\t\t\t\t\t<div class=\"bottom-wrapper\">\r\n\t\t\t\t\t\t\t\t\t\t\t\t\t\t\t\t\t<div class=\"desc-text\">\r\n\t\t\t\t\t\t\t\t\t\tTransportation: Seamless import\/export service through special agreements, partial and full load shipments to the Middle East, CIS, and Europe with a fleet of 18 leased vehicles; transit solutions to Iraq, Georgia, Azerbaijan, and Central Asia via Mersin.\t\t\t\t\t\t\t\t\t<\/div>\r\n\t\t\t\t\t\t\t\t\t\t\t\t\t\t\t\t\t\t\t\t\t\t\t\t\t<div class=\"btn-part\">\r\n\t\t\t\t\t\t\t\t\t\tRead more<svg xmlns=\"http:\/\/www.w3.org\/2000\/svg\" width=\"12\" height=\"12\" viewbox=\"0 0 12 12\" fill=\"none\"><path d=\"M1.83203 10.1663L10.1654 1.83301\" stroke=\"#F55B1F\" stroke-width=\"2\" stroke-linecap=\"round\" stroke-linejoin=\"round\"><\/path><path d=\"M1.83203 1.83301H10.1654V10.1663\" stroke=\"#F55B1F\" stroke-width=\"2\" stroke-linecap=\"round\" stroke-linejoin=\"round\"><\/path><\/svg>\t\t\t\t\t\t\t\t\t<\/div>\r\n\t\t\t\t\t\t\t\t\t\t\t\t\t\t\t<\/div>\r\n\t\t\t\t\t\t\t\t\t\t\t\t\t<\/div>\r\n\t\t\t\t\t\t\t\t\t\t\t<\/a>\r\n\t\t\t\t\t\t\t<\/div>\r\n\t\t\t\t\t\t\t<script> \r\n\t\t\t\t\tjQuery(document).ready(function(){\r\n\t\t\t\t\t\tjQuery(\".prallax-img\").each(function() {\r\n\t\t\t\t\t\t\tvar prallaxImg = jQuery(this).get(0);\r\n\t\t\t\t\t\t\tvar parallaxInstance = new Parallax(prallaxImg);\r\n\t\t\t\t\t\t});\r\n\t\t\t\t\t});\r\n\t\t\t\t<\/script>\r\n\t\t\t\t\t\t\t<script>\r\n\t\t\t\t\tjQuery(document).ready(function($){\r\n\t\t\t\t\t\t$('.service-list-1474531 .services-inner').on('mouseenter', function(){\r\n\t\t\t\t\t\t\t$('.service-list-1474531 .services-inner').removeClass('active');\r\n\t\t\t\t\t\t\t$(this).addClass('active');\r\n\t\t\t\t\t\t});\r\n\t\t\t\t\t});\r\n\t\t\t\t<\/script>\r\n\t\t\t\t\t\t\t<\/div>\n\t\t\t\t<\/div>\n\t\t\t\t<\/div>\n\t\t\t\t\t<\/div>\n\t\t\t\t<\/div>\n\t\t\t\t<\/div>","protected":false},"excerpt":{"rendered":"<p>Global Logistics Services Sabay Lojistik &gt; Blog Hizmetlerimiz D\u00fcnyan\u0131n Her Yerinde Hava Kargo Hizmetleri Uluslararas\u0131 limanlardan T\u00fcrkiye\u2019ye ve T\u00fcrkiye\u2019den d\u00fcnyaya port\u2011to\u2011port, DAP, DDP ve door\u2011to\u2011door ta\u015f\u0131ma; haftal\u0131k konsolidasyon ve ila\u00e7\/medikal so\u011fuk zincir, fuar ve express hizmetleri Devam\u0131 Konteyner Ta\u015f\u0131mac\u0131l\u0131\u011f\u0131 T\u00fcrkiye\u2019deki t\u00fcm limanlara ve limanlardan d\u00fcnyan\u0131n her yerine full ve parsiyel konteyner, door\u2011to\u2011door, DAP, DDP servis;&#8230;<\/p>","protected":false},"author":1,"featured_media":0,"parent":0,"menu_order":0,"comment_status":"closed","ping_status":"closed","template":"elementor_header_footer","meta":{"footnotes":""},"class_list":["post-426","page","type-page","status-publish","hentry"],"_links":{"self":[{"href":"https:\/\/sabay.com.tr\/en\/wp-json\/wp\/v2\/pages\/426","targetHints":{"allow":["GET"]}}],"collection":[{"href":"https:\/\/sabay.com.tr\/en\/wp-json\/wp\/v2\/pages"}],"about":[{"href":"https:\/\/sabay.com.tr\/en\/wp-json\/wp\/v2\/types\/page"}],"author":[{"embeddable":true,"href":"https:\/\/sabay.com.tr\/en\/wp-json\/wp\/v2\/users\/1"}],"replies":[{"embeddable":true,"href":"https:\/\/sabay.com.tr\/en\/wp-json\/wp\/v2\/comments?post=426"}],"version-history":[{"count":7,"href":"https:\/\/sabay.com.tr\/en\/wp-json\/wp\/v2\/pages\/426\/revisions"}],"predecessor-version":[{"id":12104,"href":"https:\/\/sabay.com.tr\/en\/wp-json\/wp\/v2\/pages\/426\/revisions\/12104"}],"wp:attachment":[{"href":"https:\/\/sabay.com.tr\/en\/wp-json\/wp\/v2\/media?parent=426"}],"curies":[{"name":"wp","href":"https:\/\/api.w.org\/{rel}","templated":true}]}}