{"id":8687,"date":"2025-01-01T12:04:55","date_gmt":"2025-01-01T12:04:55","guid":{"rendered":"http:\/\/192.168.0.134:10004\/?page_id=8687"},"modified":"2025-12-19T18:45:43","modified_gmt":"2025-12-19T18:45:43","slug":"karayolu-tasimaciligi","status":"publish","type":"page","link":"https:\/\/sabay.com.tr\/en\/karayolu-tasimaciligi\/","title":{"rendered":"Road Transportation"},"content":{"rendered":"<div data-elementor-type=\"wp-page\" data-elementor-id=\"8687\" class=\"elementor elementor-8687\">\n\t\t\t\t<div class=\"no-position  elementor-element elementor-element-2f96df29 e-flex e-con-boxed e-con e-parent\" data-id=\"2f96df29\" data-element_type=\"container\" data-e-type=\"container\">\n\t\t\t\t\t<div class=\"e-con-inner\">\n\t\t<div class=\"no-position  elementor-element elementor-element-5090b6f4 e-con-full e-flex e-con e-child\" data-id=\"5090b6f4\" data-element_type=\"container\" data-e-type=\"container\">\n\t\t\t\t<div class=\"elementor-element elementor-element-36b9a54 gsap-move-no rs-tween_max_btn-no elementor-widget elementor-widget-rs-image\" data-id=\"36b9a54\" data-element_type=\"widget\" data-e-type=\"widget\" data-widget_type=\"rs-image.default\">\n\t\t\t\t<div class=\"elementor-widget-container\">\n\t\t\t\t\t\n        <div class=\"rs-image no ruler_image_no ruler_position_\">\n                                                            <img decoding=\"async\" class=\"rs-multi-image  reverse- blend_unset\" src=\"https:\/\/sabay.com.tr\/yeni\/wp-content\/uploads\/2025\/12\/qh1n0Mv2Be1Kqs2c.jpeg\" alt=\"qh1n0Mv2Be1Kqs2c\"\/>\n                                                                        <\/div>   \n          \n    \t\t\t\t<\/div>\n\t\t\t\t<\/div>\n\t\t\t\t<div class=\"elementor-element elementor-element-7fc354fa gsap-move-no rs-tween_max_btn-no elementor-widget elementor-widget-rs-heading\" data-id=\"7fc354fa\" data-element_type=\"widget\" data-e-type=\"widget\" data-widget_type=\"rs-heading.default\">\n\t\t\t\t<div class=\"elementor-widget-container\">\n\t\t\t\t\t\n\t\t<div class=\"prelements-heading default    animate-\">\n\t\t\t<div class=\"title-inner\">\n\t\t\t\t<h2 class=\"title rs-split-text-disable\">Road Transportation<\/h2>\n\t\t\t<\/div>\n\t\t\t\t\t\t\t<div class=\"description\">\n\t\t\t\t\t<ul><li data-start=\"6579\" data-end=\"6753\"><h3 data-path-to-node=\"3\">Global Agency Network and Seamless Solutions<\/h3><p data-path-to-node=\"4\">At Sabay Logistics, we strengthen the critical link in your supply chain with our reliable, fast, and comprehensive road transport services. Whether it&#039;s the busy roads of Europe or the challenging routes of the Middle East, our expert team ensures your shipments arrive at their destination on time and without any problems.<\/p><h3 data-path-to-node=\"5\">Our Differentiating Strengths in Our Services:<\/h3><h4 data-path-to-node=\"6\">1. International Seamless Service Solutions<\/h4><p data-path-to-node=\"7\">Through exclusive agreements with leading global agencies, we simplify complex international customs and paperwork processes for you. We leverage the strength of our global network to support your import and export operations. <b>seamless and optimized service solutions<\/b> We offer.<\/p><h4 data-path-to-node=\"11\">2. Transit Transportation Expertise via Mersin<\/h4><p data-path-to-node=\"12\">By effectively utilizing the advantages provided by Mersin Port, T\u00fcrkiye&#039;s strategic gateway, we have specialized in transit transportation to neighboring and Inner Asian countries. We offer fast and reliable transportation to the following key markets via Mersin Port: <b>transit transportation solutions<\/b> We provide:<\/p><ul><li>Iraq<\/li><li>Georgia<\/li><li>Azerbaijan<\/li><li>Uzbekistan<\/li><li>Kazakhstan<\/li><li>Turkmenistan<\/li><\/ul><\/li><\/ul><h3 data-path-to-node=\"14\">Why Sabay Road Transport?<\/h3><ul data-path-to-node=\"15\"><li><p data-path-to-node=\"15,0,0\"><b>Flexibility:<\/b> We provide immediate and flexible solutions for your partial or full load requests.<\/p><\/li><li><p data-path-to-node=\"15,1,0\"><b>Reliability:<\/b> Our expert team ensures the highest level of security for your cargo.<\/p><\/li><li><p data-path-to-node=\"15,2,0\"><b>Experience:<\/b> With our extensive experience on challenging CIS and Middle East routes, we minimize risks.<\/p><\/li><\/ul><p data-path-to-node=\"16\">Contact us to find the best solution for your international road transport needs.<\/p>\t\t\t\t<\/div>\n\t\t\t\t\t<\/div>\n\t\t\t\t<\/div>\n\t\t\t\t<\/div>\n\t\t\t\t<div class=\"elementor-element elementor-element-70d81f10 gsap-move-no rs-tween_max_btn-no elementor-widget elementor-widget-rspostnavigation\" data-id=\"70d81f10\" data-element_type=\"widget\" data-e-type=\"widget\" data-widget_type=\"rspostnavigation.default\">\n\t\t\t\t<div class=\"elementor-widget-container\">\n\t\t\t\t\t                    <div class=\"rs-post-navigation rs-portfolio-navigation\">\n                <ul>\n                                            <li class=\"prev\">\n                            <a href=\"https:\/\/sabay.com.tr\/en\/insan-kaynaklari-politikasi\/\">\n                                <span class=\"next_link\">\n                                    <svg xmlns=\"http:\/\/www.w3.org\/2000\/svg\" width=\"22\" height=\"8\" viewbox=\"0 0 22 8\" fill=\"none\"><path d=\"M21 3.5C21.2761 3.5 21.5 3.72386 21.5 4C21.5 4.27614 21.2761 4.5 21 4.5V3.5ZM0.646446 4.35355C0.451185 4.15829 0.451185 3.84171 0.646446 3.64645L3.82843 0.464466C4.02369 0.269204 4.34027 0.269204 4.53553 0.464466C4.7308 0.659728 4.7308 0.976311 4.53553 1.17157L1.70711 4L4.53553 6.82843C4.7308 7.02369 4.7308 7.34027 4.53553 7.53553C4.34027 7.7308 4.02369 7.7308 3.82843 7.53553L0.646446 4.35355ZM21 4.5H1V3.5H21V4.5Z\" fill=\"white\"><\/path><\/svg>                                    Previous Post                                <\/span>\n                                <span class=\"link_text\"> \n                                    Human Resources Policy                                <\/span>\n                            <\/a>\n                        <\/li>\n                                            <li class=\"next\">\n                            <a href=\"https:\/\/sabay.com.tr\/en\/global-network\/\">\n                                <span class=\"next_link\">\n                                    Next Post                                    <svg xmlns=\"http:\/\/www.w3.org\/2000\/svg\" width=\"22\" height=\"8\" viewbox=\"0 0 22 8\" fill=\"none\"><path d=\"M1 3.5C0.723858 3.5 0.5 3.72386 0.5 4C0.5 4.27614 0.723858 4.5 1 4.5V3.5ZM21.3536 4.35355C21.5488 4.15829 21.5488 3.84171 21.3536 3.64645L18.1716 0.464466C17.9763 0.269204 17.6597 0.269204 17.4645 0.464466C17.2692 0.659728 17.2692 0.976311 17.4645 1.17157L20.2929 4L17.4645 6.82843C17.2692 7.02369 17.2692 7.34027 17.4645 7.53553C17.6597 7.7308 17.9763 7.7308 18.1716 7.53553L21.3536 4.35355ZM1 4.5H21V3.5H1V4.5Z\" fill=\"white\"><\/path><\/svg>                                <\/span>\n                                <span class=\"link_text\">\n                                    Global Network                                <\/span>\n                            <\/a>\n                        <\/li>\n                                    <\/ul>\n                <div class=\"clearfix\"><\/div>\n            <\/div>\n        \t\t\t\t<\/div>\n\t\t\t\t<\/div>\n\t\t\t\t<\/div>\n\t\t<div class=\"no-position  contents-sticky elementor-element elementor-element-161d0bad e-con-full e-flex e-con e-child\" data-id=\"161d0bad\" data-element_type=\"container\" data-e-type=\"container\">\n\t\t<div class=\"no-position  elementor-element elementor-element-520eb49b e-con-full e-flex e-con e-child\" data-id=\"520eb49b\" data-element_type=\"container\" data-e-type=\"container\" data-settings=\"{&quot;background_background&quot;:&quot;classic&quot;}\">\n\t\t\t\t<div class=\"elementor-element elementor-element-7b8b816a gsap-move-no rs-tween_max_btn-no elementor-widget elementor-widget-rs-heading\" data-id=\"7b8b816a\" data-element_type=\"widget\" data-e-type=\"widget\" data-widget_type=\"rs-heading.default\">\n\t\t\t\t<div class=\"elementor-widget-container\">\n\t\t\t\t\t\n\t\t<div class=\"prelements-heading default    animate-\">\n\t\t\t<div class=\"title-inner\">\n\t\t\t\t<h4 class=\"title rs-split-text-disable\">All Our Services<\/h4>\n\t\t\t<\/div>\n\t\t\t\t\t<\/div>\n\t\t\t\t<\/div>\n\t\t\t\t<\/div>\n\t\t\t\t<div class=\"elementor-element elementor-element-59afb23e hfe-nav-menu__breakpoint-none hfe-nav-menu__align-left hfe-submenu-icon-arrow hfe-link-redirect-child gsap-move-no rs-tween_max_btn-no elementor-widget elementor-widget-navigation-menu\" data-id=\"59afb23e\" data-element_type=\"widget\" data-e-type=\"widget\" data-settings=\"{&quot;padding_horizontal_menu_item&quot;:{&quot;unit&quot;:&quot;px&quot;,&quot;top&quot;:&quot;20&quot;,&quot;right&quot;:&quot;20&quot;,&quot;bottom&quot;:&quot;20&quot;,&quot;left&quot;:&quot;20&quot;,&quot;isLinked&quot;:false},&quot;main_menu_border_radius&quot;:{&quot;unit&quot;:&quot;px&quot;,&quot;top&quot;:&quot;0&quot;,&quot;right&quot;:&quot;0&quot;,&quot;bottom&quot;:&quot;0&quot;,&quot;left&quot;:&quot;0&quot;,&quot;isLinked&quot;:true},&quot;location_area_padding&quot;:{&quot;unit&quot;:&quot;px&quot;,&quot;top&quot;:&quot;0&quot;,&quot;right&quot;:&quot;0&quot;,&quot;bottom&quot;:&quot;0&quot;,&quot;left&quot;:&quot;0&quot;,&quot;isLinked&quot;:false},&quot;location_area_padding_laptop&quot;:{&quot;unit&quot;:&quot;px&quot;,&quot;top&quot;:&quot;&quot;,&quot;right&quot;:&quot;&quot;,&quot;bottom&quot;:&quot;&quot;,&quot;left&quot;:&quot;&quot;,&quot;isLinked&quot;:true},&quot;location_area_padding_tablet&quot;:{&quot;unit&quot;:&quot;px&quot;,&quot;top&quot;:&quot;&quot;,&quot;right&quot;:&quot;&quot;,&quot;bottom&quot;:&quot;&quot;,&quot;left&quot;:&quot;&quot;,&quot;isLinked&quot;:true},&quot;location_area_padding_mobile&quot;:{&quot;unit&quot;:&quot;px&quot;,&quot;top&quot;:&quot;&quot;,&quot;right&quot;:&quot;&quot;,&quot;bottom&quot;:&quot;&quot;,&quot;left&quot;:&quot;&quot;,&quot;isLinked&quot;:true},&quot;padding_horizontal_menu_item_laptop&quot;:{&quot;unit&quot;:&quot;px&quot;,&quot;top&quot;:&quot;&quot;,&quot;right&quot;:&quot;&quot;,&quot;bottom&quot;:&quot;&quot;,&quot;left&quot;:&quot;&quot;,&quot;isLinked&quot;:true},&quot;padding_horizontal_menu_item_tablet&quot;:{&quot;unit&quot;:&quot;px&quot;,&quot;top&quot;:&quot;&quot;,&quot;right&quot;:&quot;&quot;,&quot;bottom&quot;:&quot;&quot;,&quot;left&quot;:&quot;&quot;,&quot;isLinked&quot;:true},&quot;padding_horizontal_menu_item_mobile&quot;:{&quot;unit&quot;:&quot;px&quot;,&quot;top&quot;:&quot;&quot;,&quot;right&quot;:&quot;&quot;,&quot;bottom&quot;:&quot;&quot;,&quot;left&quot;:&quot;&quot;,&quot;isLinked&quot;:true},&quot;menu_bottom_space_last_zero&quot;:{&quot;unit&quot;:&quot;px&quot;,&quot;size&quot;:&quot;&quot;,&quot;sizes&quot;:[]},&quot;menu_bottom_space_last_zero_laptop&quot;:{&quot;unit&quot;:&quot;px&quot;,&quot;size&quot;:&quot;&quot;,&quot;sizes&quot;:[]},&quot;menu_bottom_space_last_zero_tablet&quot;:{&quot;unit&quot;:&quot;px&quot;,&quot;size&quot;:&quot;&quot;,&quot;sizes&quot;:[]},&quot;menu_bottom_space_last_zero_mobile&quot;:{&quot;unit&quot;:&quot;px&quot;,&quot;size&quot;:&quot;&quot;,&quot;sizes&quot;:[]},&quot;main_menu_border_radius_laptop&quot;:{&quot;unit&quot;:&quot;px&quot;,&quot;top&quot;:&quot;&quot;,&quot;right&quot;:&quot;&quot;,&quot;bottom&quot;:&quot;&quot;,&quot;left&quot;:&quot;&quot;,&quot;isLinked&quot;:true},&quot;main_menu_border_radius_tablet&quot;:{&quot;unit&quot;:&quot;px&quot;,&quot;top&quot;:&quot;&quot;,&quot;right&quot;:&quot;&quot;,&quot;bottom&quot;:&quot;&quot;,&quot;left&quot;:&quot;&quot;,&quot;isLinked&quot;:true},&quot;main_menu_border_radius_mobile&quot;:{&quot;unit&quot;:&quot;px&quot;,&quot;top&quot;:&quot;&quot;,&quot;right&quot;:&quot;&quot;,&quot;bottom&quot;:&quot;&quot;,&quot;left&quot;:&quot;&quot;,&quot;isLinked&quot;:true},&quot;main_menu_hover_border_radius&quot;:{&quot;unit&quot;:&quot;px&quot;,&quot;top&quot;:&quot;&quot;,&quot;right&quot;:&quot;&quot;,&quot;bottom&quot;:&quot;&quot;,&quot;left&quot;:&quot;&quot;,&quot;isLinked&quot;:true},&quot;main_menu_hover_border_radius_laptop&quot;:{&quot;unit&quot;:&quot;px&quot;,&quot;top&quot;:&quot;&quot;,&quot;right&quot;:&quot;&quot;,&quot;bottom&quot;:&quot;&quot;,&quot;left&quot;:&quot;&quot;,&quot;isLinked&quot;:true},&quot;main_menu_hover_border_radius_tablet&quot;:{&quot;unit&quot;:&quot;px&quot;,&quot;top&quot;:&quot;&quot;,&quot;right&quot;:&quot;&quot;,&quot;bottom&quot;:&quot;&quot;,&quot;left&quot;:&quot;&quot;,&quot;isLinked&quot;:true},&quot;main_menu_hover_border_radius_mobile&quot;:{&quot;unit&quot;:&quot;px&quot;,&quot;top&quot;:&quot;&quot;,&quot;right&quot;:&quot;&quot;,&quot;bottom&quot;:&quot;&quot;,&quot;left&quot;:&quot;&quot;,&quot;isLinked&quot;:true},&quot;dropdown_border_radius&quot;:{&quot;unit&quot;:&quot;px&quot;,&quot;top&quot;:&quot;&quot;,&quot;right&quot;:&quot;&quot;,&quot;bottom&quot;:&quot;&quot;,&quot;left&quot;:&quot;&quot;,&quot;isLinked&quot;:true},&quot;dropdown_border_radius_laptop&quot;:{&quot;unit&quot;:&quot;px&quot;,&quot;top&quot;:&quot;&quot;,&quot;right&quot;:&quot;&quot;,&quot;bottom&quot;:&quot;&quot;,&quot;left&quot;:&quot;&quot;,&quot;isLinked&quot;:true},&quot;dropdown_border_radius_tablet&quot;:{&quot;unit&quot;:&quot;px&quot;,&quot;top&quot;:&quot;&quot;,&quot;right&quot;:&quot;&quot;,&quot;bottom&quot;:&quot;&quot;,&quot;left&quot;:&quot;&quot;,&quot;isLinked&quot;:true},&quot;dropdown_border_radius_mobile&quot;:{&quot;unit&quot;:&quot;px&quot;,&quot;top&quot;:&quot;&quot;,&quot;right&quot;:&quot;&quot;,&quot;bottom&quot;:&quot;&quot;,&quot;left&quot;:&quot;&quot;,&quot;isLinked&quot;:true},&quot;padding_horizontal_dropdown_item&quot;:{&quot;unit&quot;:&quot;px&quot;,&quot;size&quot;:&quot;&quot;,&quot;sizes&quot;:[]},&quot;padding_horizontal_dropdown_item_laptop&quot;:{&quot;unit&quot;:&quot;px&quot;,&quot;size&quot;:&quot;&quot;,&quot;sizes&quot;:[]},&quot;padding_horizontal_dropdown_item_tablet&quot;:{&quot;unit&quot;:&quot;px&quot;,&quot;size&quot;:&quot;&quot;,&quot;sizes&quot;:[]},&quot;padding_horizontal_dropdown_item_mobile&quot;:{&quot;unit&quot;:&quot;px&quot;,&quot;size&quot;:&quot;&quot;,&quot;sizes&quot;:[]},&quot;padding_vertical_dropdown_item&quot;:{&quot;unit&quot;:&quot;px&quot;,&quot;size&quot;:15,&quot;sizes&quot;:[]},&quot;padding_vertical_dropdown_item_laptop&quot;:{&quot;unit&quot;:&quot;px&quot;,&quot;size&quot;:&quot;&quot;,&quot;sizes&quot;:[]},&quot;padding_vertical_dropdown_item_tablet&quot;:{&quot;unit&quot;:&quot;px&quot;,&quot;size&quot;:&quot;&quot;,&quot;sizes&quot;:[]},&quot;padding_vertical_dropdown_item_mobile&quot;:{&quot;unit&quot;:&quot;px&quot;,&quot;size&quot;:&quot;&quot;,&quot;sizes&quot;:[]},&quot;distance_from_menu&quot;:{&quot;unit&quot;:&quot;px&quot;,&quot;size&quot;:&quot;&quot;,&quot;sizes&quot;:[]},&quot;distance_from_menu_laptop&quot;:{&quot;unit&quot;:&quot;px&quot;,&quot;size&quot;:&quot;&quot;,&quot;sizes&quot;:[]},&quot;distance_from_menu_tablet&quot;:{&quot;unit&quot;:&quot;px&quot;,&quot;size&quot;:&quot;&quot;,&quot;sizes&quot;:[]},&quot;distance_from_menu_mobile&quot;:{&quot;unit&quot;:&quot;px&quot;,&quot;size&quot;:&quot;&quot;,&quot;sizes&quot;:[]},&quot;toggle_size&quot;:{&quot;unit&quot;:&quot;px&quot;,&quot;size&quot;:&quot;&quot;,&quot;sizes&quot;:[]},&quot;toggle_size_laptop&quot;:{&quot;unit&quot;:&quot;px&quot;,&quot;size&quot;:&quot;&quot;,&quot;sizes&quot;:[]},&quot;toggle_size_tablet&quot;:{&quot;unit&quot;:&quot;px&quot;,&quot;size&quot;:&quot;&quot;,&quot;sizes&quot;:[]},&quot;toggle_size_mobile&quot;:{&quot;unit&quot;:&quot;px&quot;,&quot;size&quot;:&quot;&quot;,&quot;sizes&quot;:[]},&quot;toggle_border_width&quot;:{&quot;unit&quot;:&quot;px&quot;,&quot;size&quot;:&quot;&quot;,&quot;sizes&quot;:[]},&quot;toggle_border_width_laptop&quot;:{&quot;unit&quot;:&quot;px&quot;,&quot;size&quot;:&quot;&quot;,&quot;sizes&quot;:[]},&quot;toggle_border_width_tablet&quot;:{&quot;unit&quot;:&quot;px&quot;,&quot;size&quot;:&quot;&quot;,&quot;sizes&quot;:[]},&quot;toggle_border_width_mobile&quot;:{&quot;unit&quot;:&quot;px&quot;,&quot;size&quot;:&quot;&quot;,&quot;sizes&quot;:[]},&quot;toggle_border_radius&quot;:{&quot;unit&quot;:&quot;px&quot;,&quot;size&quot;:&quot;&quot;,&quot;sizes&quot;:[]},&quot;toggle_border_radius_laptop&quot;:{&quot;unit&quot;:&quot;px&quot;,&quot;size&quot;:&quot;&quot;,&quot;sizes&quot;:[]},&quot;toggle_border_radius_tablet&quot;:{&quot;unit&quot;:&quot;px&quot;,&quot;size&quot;:&quot;&quot;,&quot;sizes&quot;:[]},&quot;toggle_border_radius_mobile&quot;:{&quot;unit&quot;:&quot;px&quot;,&quot;size&quot;:&quot;&quot;,&quot;sizes&quot;:[]}}\" data-widget_type=\"navigation-menu.default\">\n\t\t\t\t<div class=\"elementor-widget-container\">\n\t\t\t\t\t\n\t\t<style>\n\t\t\t.hfe-layout-vertical .left-arrow ul .menu-item:hover a:after {\n\t\t\t\tbackground: !important;\n\t\t\t}\n\t\t\t.hfe-layout-vertical .left-arrow ul .menu-item:hover a:before {\n\t\t\t\tborder-left: 6px solid \t\t\t}\n\t\t<\/style>\n\n\t\t\t\t\t<div class=\"hfe-nav-menu hfe-layout-vertical normal hfe-nav-menu-layout mega_columns1 vertical\" data-layout=\"vertical\">\n\t\t\t\t<div class=\"hfe-nav-menu__toggle elementor-clickable\">\n\t\t\t\t\t<div class=\"hfe-nav-menu-icon\">\n\t\t\t\t\t\t\t\t\t\t\t<\/div>\n\t\t\t\t<\/div>\n\t\t\t\t\n\t\t\t\t<nav class=\"hfe-nav-menu__layout-vertical hfe-nav-menu__submenu-arrow rs_one_columns no-separator no-arrow no-circle arrow icon-enable\" data-toggle-icon=\"\" data-close-icon=\"\" data-full-width=\"\">\n\t\t\t\t\t<ul id=\"menu-1-59afb23e\" class=\"hfe-nav-menu dropdownto-left-no\"><li id=\"menu-item-11825-337044\" class=\"menu-item menu-item-type-post_type menu-item-object-services parent hfe-creative-menu\"><a href=\"https:\/\/sabay.com.tr\/en\/service\/airline-freight\/\" class = \"hfe-menu-item\">Air Cargo<em class=\"rs__menu_sp_dyc\"><i class=\"ri-arrow-right-double-line\"><\/i><\/em><\/a><\/li>\n<li id=\"menu-item-12302-232122\" class=\"menu-item menu-item-type-post_type menu-item-object-page parent hfe-creative-menu\"><a href=\"https:\/\/sabay.com.tr\/en\/konteyner-tasimaciligi\/\" class = \"hfe-menu-item\">Container Transportation<em class=\"rs__menu_sp_dyc\"><i class=\"ri-arrow-right-double-line\"><\/i><\/em><\/a><\/li>\n<li id=\"menu-item-9858-568560\" class=\"menu-item menu-item-type-post_type menu-item-object-services parent hfe-creative-menu\"><a href=\"https:\/\/sabay.com.tr\/en\/service\/rail-transport\/\" class = \"hfe-menu-item\">Rail Transportation<em class=\"rs__menu_sp_dyc\"><i class=\"ri-arrow-right-double-line\"><\/i><\/em><\/a><\/li>\n<li id=\"menu-item-9985-912951\" class=\"menu-item menu-item-type-post_type menu-item-object-services parent hfe-creative-menu\"><a href=\"https:\/\/sabay.com.tr\/en\/service\/road-transport\/\" class = \"hfe-menu-item\">Road Transportation<em class=\"rs__menu_sp_dyc\"><i class=\"ri-arrow-right-double-line\"><\/i><\/em><\/a><\/li>\n<li id=\"menu-item-12297-267416\" class=\"menu-item menu-item-type-post_type menu-item-object-page parent hfe-creative-menu\"><a href=\"https:\/\/sabay.com.tr\/en\/proje-tasimaciligi\/\" class = \"hfe-menu-item\">Project Transportation<em class=\"rs__menu_sp_dyc\"><i class=\"ri-arrow-right-double-line\"><\/i><\/em><\/a><\/li>\n<li id=\"menu-item-12298-906296\" class=\"menu-item menu-item-type-post_type menu-item-object-page parent hfe-creative-menu\"><a href=\"https:\/\/sabay.com.tr\/en\/express-kurye-tasimaciligi\/\" class = \"hfe-menu-item\">Express Courier Transportation<em class=\"rs__menu_sp_dyc\"><i class=\"ri-arrow-right-double-line\"><\/i><\/em><\/a><\/li>\n<li id=\"menu-item-12299-841189\" class=\"menu-item menu-item-type-post_type menu-item-object-page parent hfe-creative-menu\"><a href=\"https:\/\/sabay.com.tr\/en\/ilac-ve-kozmetik-urunleri-tasimasi\/\" class = \"hfe-menu-item\">Transportation of Pharmaceuticals and Cosmetics<em class=\"rs__menu_sp_dyc\"><i class=\"ri-arrow-right-double-line\"><\/i><\/em><\/a><\/li>\n<li id=\"menu-item-12300-274971\" class=\"menu-item menu-item-type-post_type menu-item-object-page parent hfe-creative-menu\"><a href=\"https:\/\/sabay.com.tr\/en\/bozulabilir-kargo-tasimasi\/\" class = \"hfe-menu-item\">Perishable Cargo Transportation<em class=\"rs__menu_sp_dyc\"><i class=\"ri-arrow-right-double-line\"><\/i><\/em><\/a><\/li>\n<li id=\"menu-item-12301-396708\" class=\"menu-item menu-item-type-post_type menu-item-object-page parent hfe-creative-menu\"><a href=\"https:\/\/sabay.com.tr\/en\/fuar-ve-etkinlik-tasimasi\/\" class = \"hfe-menu-item\">Fair and Event Transportation<em class=\"rs__menu_sp_dyc\"><i class=\"ri-arrow-right-double-line\"><\/i><\/em><\/a><\/li>\n<li id=\"menu-item-12315-337634\" class=\"menu-item menu-item-type-post_type menu-item-object-page parent hfe-creative-menu\"><a href=\"https:\/\/sabay.com.tr\/en\/gumrukleme\/\" class = \"hfe-menu-item\">Customs Clearance<em class=\"rs__menu_sp_dyc\"><i class=\"ri-arrow-right-double-line\"><\/i><\/em><\/a><\/li>\n<\/ul>\t\t\t\t<\/nav>              \n\t\t\t<\/div>\n\n\t\t\t\t\t\t\t<\/div>\n\t\t\t\t<\/div>\n\t\t\t\t<\/div>\n\t\t<div class=\"no-position  rs-sticky-default elementor-element elementor-element-bcd5023 e-con-full e-flex e-con e-child\" data-id=\"bcd5023\" data-element_type=\"container\" data-e-type=\"container\" data-settings=\"{&quot;background_background&quot;:&quot;classic&quot;}\">\n\t\t\t\t<div class=\"elementor-element elementor-element-5d2bd64c gsap-move-no rs-tween_max_btn-no elementor-widget elementor-widget-heading\" data-id=\"5d2bd64c\" data-element_type=\"widget\" data-e-type=\"widget\" data-widget_type=\"heading.default\">\n\t\t\t\t\t<h4 class=\"elementor-heading-title elementor-size-default\">Documents<\/h4>\t\t\t\t<\/div>\n\t\t\t\t<div class=\"elementor-element elementor-element-3b86f770 gsap-move-no rs-tween_max_btn-no elementor-widget elementor-widget-rsbrochures\" data-id=\"3b86f770\" data-element_type=\"widget\" data-e-type=\"widget\" data-widget_type=\"rsbrochures.default\">\n\t\t\t\t<div class=\"elementor-widget-container\">\n\t\t\t\t\t \n\n        <div class=\"rs-brochures\">\n\n            <div class=\"brochures-content\">\n                                    <ul class=\"rs-features-list\">\n                                                    <li class=\"elementor-repeater-item-a36adfb\">\n                                \n                                <a href=\"#\" >\n                                    <div class=\"brochures-left\">\n                                                                                    <div class=\"list-brochures-img\">\n                                                <img decoding=\"async\" src=\"https:\/\/logitic.rstheme.com\/logistics3\/wp-content\/uploads\/2025\/10\/docs.svg\" alt=\"docs.svg\">\n                                            <\/div>\n                                        \n                                        <div class=\"list-feature-content\">\n                                            <span class=\"rs-feature-text\">Download Specifications<\/span>\n                                                                                    <\/div>\n\n                                    <\/div>\n\n                                    <div class=\"brochures-right\">\n                                                                                    <div class=\"list-brochures-img\">\n                                                <img decoding=\"async\" src=\"https:\/\/logitic.rstheme.com\/logistics3\/wp-content\/uploads\/2025\/10\/down.svg\" alt=\"down.svg\">\n                                            <\/div>\n                                                                            <\/div>\n                                <\/a>\n                            <\/li>\n                                                    <li class=\"elementor-repeater-item-96325cb\">\n                                \n                                <a href=\"#\" >\n                                    <div class=\"brochures-left\">\n                                                                                    <div class=\"list-brochures-img\">\n                                                <img decoding=\"async\" src=\"https:\/\/logitic.rstheme.com\/logistics3\/wp-content\/uploads\/2025\/10\/pdf.svg\" alt=\"Service Packages Tracking\">\n                                            <\/div>\n                                        \n                                        <div class=\"list-feature-content\">\n                                            <span class=\"rs-feature-text\">Download Contract<\/span>\n                                                                                    <\/div>\n\n                                    <\/div>\n\n                                    <div class=\"brochures-right\">\n                                                                                    <div class=\"list-brochures-img\">\n                                                <img decoding=\"async\" src=\"https:\/\/logitic.rstheme.com\/logistics3\/wp-content\/uploads\/2025\/10\/down_pdf.svg\" alt=\"pdf.svg\">\n                                            <\/div>\n                                                                            <\/div>\n                                <\/a>\n                            <\/li>\n                                            <\/ul>\n                            <\/div>  \n\n        <\/div>\n        \t\t\t\t<\/div>\n\t\t\t\t<\/div>\n\t\t\t\t<\/div>\n\t\t\t\t<\/div>\n\t\t\t\t\t<\/div>\n\t\t\t\t<\/div>\n\t\t\t\t<\/div>","protected":false},"excerpt":{"rendered":"<p>Karayolu Ta\u015f\u0131mac\u0131l\u0131\u011f\u0131 K\u00fcresel Acenta A\u011f\u0131 ve Kesintisiz \u00c7\u00f6z\u00fcmler Sabay Lojistik olarak, karayolu ta\u015f\u0131mac\u0131l\u0131\u011f\u0131nda g\u00fcvenilir, h\u0131zl\u0131 ve geni\u015f kapsaml\u0131 hizmetlerimizle tedarik zincirinizin kritik halkas\u0131n\u0131 g\u00fc\u00e7lendiriyoruz. \u0130ster Avrupa&#8217;n\u0131n kalabal\u0131k yollar\u0131 olsun, ister Ortado\u011fu&#8217;nun zorlu g\u00fczerg\u00e2hlar\u0131, uzman ekibimizle y\u00fcklerinizi tam zaman\u0131nda ve sorunsuz bir \u015fekilde var\u0131\u015f noktas\u0131na ula\u015ft\u0131r\u0131yoruz. Hizmetlerimizde Fark Yaratan G\u00fc\u00e7lerimiz: 1. Uluslararas\u0131 Sorunsuz Servis \u00c7\u00f6z\u00fcmleri D\u00fcnyan\u0131n&#8230;<\/p>","protected":false},"author":1,"featured_media":0,"parent":0,"menu_order":0,"comment_status":"closed","ping_status":"closed","template":"elementor_header_footer","meta":{"footnotes":""},"class_list":["post-8687","page","type-page","status-publish","hentry"],"_links":{"self":[{"href":"https:\/\/sabay.com.tr\/en\/wp-json\/wp\/v2\/pages\/8687","targetHints":{"allow":["GET"]}}],"collection":[{"href":"https:\/\/sabay.com.tr\/en\/wp-json\/wp\/v2\/pages"}],"about":[{"href":"https:\/\/sabay.com.tr\/en\/wp-json\/wp\/v2\/types\/page"}],"author":[{"embeddable":true,"href":"https:\/\/sabay.com.tr\/en\/wp-json\/wp\/v2\/users\/1"}],"replies":[{"embeddable":true,"href":"https:\/\/sabay.com.tr\/en\/wp-json\/wp\/v2\/comments?post=8687"}],"version-history":[{"count":18,"href":"https:\/\/sabay.com.tr\/en\/wp-json\/wp\/v2\/pages\/8687\/revisions"}],"predecessor-version":[{"id":12423,"href":"https:\/\/sabay.com.tr\/en\/wp-json\/wp\/v2\/pages\/8687\/revisions\/12423"}],"wp:attachment":[{"href":"https:\/\/sabay.com.tr\/en\/wp-json\/wp\/v2\/media?parent=8687"}],"curies":[{"name":"wp","href":"https:\/\/api.w.org\/{rel}","templated":true}]}}